{"id":67548,"date":"2022-08-22T12:38:19","date_gmt":"2022-08-22T12:38:19","guid":{"rendered":"https:\/\/nova.museum-mb.si\/?page_id=67548"},"modified":"2022-10-28T07:21:57","modified_gmt":"2022-10-28T06:21:57","slug":"az-uveg-nyomai-az-uveggyartas-nyomai-eszakkelet-szloveniaban","status":"publish","type":"page","link":"https:\/\/museum-mb.si\/hu\/az-uveg-nyomai-az-uveggyartas-nyomai-eszakkelet-szloveniaban\/","title":{"rendered":"Oddaja SLEDI: Steklene sledi \u2013 steklarstvo v severovzhodni Sloveniji"},"content":{"rendered":"<div data-elementor-type=\"wp-page\" data-elementor-id=\"67548\" class=\"elementor elementor-67548\" data-elementor-post-type=\"page\">\n\t\t\t\t\t\t<section class=\"elementor-section elementor-top-section elementor-element elementor-element-fd07173 elementor-section-height-min-height elementor-section-boxed elementor-section-height-default elementor-section-items-middle\" data-id=\"fd07173\" data-element_type=\"section\" data-settings=\"{&quot;background_background&quot;:&quot;classic&quot;,&quot;jet_parallax_layout_list&quot;:[]}\">\n\t\t\t\t\t\t\t<div class=\"elementor-background-overlay\"><\/div>\n\t\t\t\t\t\t\t<div class=\"elementor-container elementor-column-gap-default\">\n\t\t\t\t\t<div class=\"elementor-column elementor-col-50 elementor-top-column elementor-element elementor-element-583732f\" data-id=\"583732f\" data-element_type=\"column\">\n\t\t\t<div class=\"elementor-widget-wrap elementor-element-populated\">\n\t\t\t\t\t\t<div class=\"elementor-element elementor-element-424c7bc elementor-widget elementor-widget-heading\" data-id=\"424c7bc\" data-element_type=\"widget\" data-widget_type=\"heading.default\">\n\t\t\t\t<div class=\"elementor-widget-container\">\n\t\t\t\t\t<h2 class=\"elementor-heading-title elementor-size-default\">FELFEDEZ\u00c9S<\/h2>\t\t\t\t<\/div>\n\t\t\t\t<\/div>\n\t\t\t\t<div class=\"elementor-element elementor-element-9e7b5b0 elementor-widget elementor-widget-heading\" data-id=\"9e7b5b0\" data-element_type=\"widget\" data-widget_type=\"heading.default\">\n\t\t\t\t<div class=\"elementor-widget-container\">\n\t\t\t\t\t<h2 class=\"elementor-heading-title elementor-size-default\">SLEDI:<br>\n\u00dcvegnyomok - \u00fcveggy\u00e1rt\u00e1s \u00c9szakkelet-Szlov\u00e9ni\u00e1ban\n<\/h2>\t\t\t\t<\/div>\n\t\t\t\t<\/div>\n\t\t\t\t\t<\/div>\n\t\t<\/div>\n\t\t\t\t<div class=\"elementor-column elementor-col-50 elementor-top-column elementor-element elementor-element-851d08b\" data-id=\"851d08b\" data-element_type=\"column\">\n\t\t\t<div class=\"elementor-widget-wrap elementor-element-populated\">\n\t\t\t\t\t\t<div class=\"elementor-element elementor-element-2da26c6 elementor-widget elementor-widget-text-editor\" data-id=\"2da26c6\" data-element_type=\"widget\" data-widget_type=\"text-editor.default\">\n\t\t\t\t<div class=\"elementor-widget-container\">\n\t\t\t\t\t\t\t\t\t<p>A f\u00e1ban \u00e9s v\u00edzk\u00e9szletekben gazdag Szlov\u00e9nia \u00e9szakkeleti r\u00e9sze az \u00fcveggy\u00e1rt\u00e1s gazdag m\u00faltj\u00e1val is b\u00fcszk\u00e9lkedhet. A 18. \u00e9s 19. sz\u00e1zadban k\u00f6zel 40 \u00fcveggy\u00e1r m\u0171k\u00f6d\u00f6tt Pohorje, Celje \u00e9s Kozjansko t\u00e9rs\u00e9g\u00e9ben. A Pohorj\u00e9ban tal\u00e1lhat\u00f3 Josipdolban a kemenc\u00e9ket 1909-ben oltott\u00e1k ki. Volt azonban egy id\u0151, amikor az \u00fcveggy\u00e1rak sok szlov\u00e9nnak adtak kenyeret, \u00e9s tulajdonosaik nem csak \u00e9rz\u00e9ketlen f\u00f6ldesurak voltak, hanem gyakran szoci\u00e1lisan felel\u0151s emberek, akik munk\u00e1saik gyermekeinek oktat\u00e1s\u00e1\u00e9rt is feleltek.\u00a0<\/p>\t\t\t\t\t\t\t\t<\/div>\n\t\t\t\t<\/div>\n\t\t\t\t\t<\/div>\n\t\t<\/div>\n\t\t\t\t\t<\/div>\n\t\t<\/section>\n\t\t\t\t<section class=\"elementor-section elementor-top-section elementor-element elementor-element-995cc58 elementor-hidden-mobile elementor-section-boxed elementor-section-height-default elementor-section-height-default\" data-id=\"995cc58\" data-element_type=\"section\" data-settings=\"{&quot;jet_parallax_layout_list&quot;:[]}\">\n\t\t\t\t\t\t<div class=\"elementor-container elementor-column-gap-default\">\n\t\t\t\t\t<div class=\"make-column-clickable-elementor elementor-column elementor-col-100 elementor-top-column elementor-element elementor-element-3c65558\" style=\"cursor: pointer;\" data-column-clickable=\"#Zbirke\" data-column-clickable-blank=\"_self\" data-id=\"3c65558\" data-element_type=\"column\" data-settings=\"{&quot;background_background&quot;:&quot;classic&quot;}\">\n\t\t\t<div class=\"elementor-widget-wrap elementor-element-populated\">\n\t\t\t\t\t\t<div class=\"elementor-element elementor-element-8d069a5 elementor-widget__width-auto elementor-widget elementor-widget-jet-inline-svg\" data-id=\"8d069a5\" data-element_type=\"widget\" data-widget_type=\"jet-inline-svg.default\">\n\t\t\t\t<div class=\"elementor-widget-container\">\n\t\t\t\t\t<div class=\"elementor-jet-inline-svg jet-elements\"><div class=\"jet-inline-svg__wrapper\"><a class=\"jet-inline-svg jet-inline-svg--custom-width jet-inline-svg--custom-color\" href=\"#Virtualnevsebine\" aria-label=\"SVG link\"><div class=\"jet-inline-svg__inner\"><?xml version=\"1.0\" encoding=\"UTF-8\" standalone=\"no\"?>\n<svg xmlns=\"http:\/\/www.w3.org\/2000\/svg\" version=\"1.0\" width=\"512.000000pt\" height=\"512.000000pt\" viewbox=\"0 0 512.000000 512.000000\" preserveaspectratio=\"xMidYMid meet\">\n  <g transform=\"translate(0.000000,512.000000) scale(0.100000,-0.100000)\" fill=\"currentColor\" stroke=\"none\">\n    <path d=\"M277 4009 c-103 -24 -197 -103 -244 -204 -23 -51 -28 -73 -27 -145 0 -160 -96 -52 1192 -1342 777 -778 1160 -1155 1191 -1172 73 -39 158 -53 234 -37 34 7 83 24 108 37 31 17 414 394 1191 1172 1288 1290 1192 1182 1192 1342 0 72 -4 94 -28 147 -84 184 -308 262 -491 171 -26 -13 -388 -368 -1037 -1016 l-998 -997 -998 997 c-652 651 -1011 1003 -1037 1016 -76 37 -170 49 -248 31z\"><\/path>\n  <\/g>\n<\/svg>\n<\/div><\/a><\/div><\/div>\t\t\t\t<\/div>\n\t\t\t\t<\/div>\n\t\t\t\t\t<\/div>\n\t\t<\/div>\n\t\t\t\t\t<\/div>\n\t\t<\/section>\n\t\t\t\t<section class=\"elementor-section elementor-top-section elementor-element elementor-element-1ad045c elementor-section-boxed elementor-section-height-default elementor-section-height-default\" data-id=\"1ad045c\" data-element_type=\"section\" data-settings=\"{&quot;jet_parallax_layout_list&quot;:[]}\">\n\t\t\t\t\t\t<div class=\"elementor-container elementor-column-gap-default\">\n\t\t\t\t\t<div class=\"elementor-column elementor-col-100 elementor-top-column elementor-element elementor-element-966255f\" data-id=\"966255f\" data-element_type=\"column\">\n\t\t\t<div class=\"elementor-widget-wrap elementor-element-populated\">\n\t\t\t\t\t\t<div class=\"elementor-element elementor-element-946a8a3 elementor-widget elementor-widget-menu-anchor\" data-id=\"946a8a3\" data-element_type=\"widget\" data-widget_type=\"menu-anchor.default\">\n\t\t\t\t<div class=\"elementor-widget-container\">\n\t\t\t\t\t\t\t<div class=\"elementor-menu-anchor\" id=\"Virtualnevsebine\"><\/div>\n\t\t\t\t\t\t<\/div>\n\t\t\t\t<\/div>\n\t\t\t\t\t<\/div>\n\t\t<\/div>\n\t\t\t\t\t<\/div>\n\t\t<\/section>\n\t\t\t\t<section class=\"elementor-section elementor-top-section elementor-element elementor-element-6fe1ee1 elementor-section-boxed elementor-section-height-default elementor-section-height-default\" data-id=\"6fe1ee1\" data-element_type=\"section\" data-settings=\"{&quot;jet_parallax_layout_list&quot;:[],&quot;background_background&quot;:&quot;classic&quot;}\">\n\t\t\t\t\t\t<div class=\"elementor-container elementor-column-gap-default\">\n\t\t\t\t\t<div class=\"elementor-column elementor-col-100 elementor-top-column elementor-element elementor-element-641bf88\" data-id=\"641bf88\" data-element_type=\"column\">\n\t\t\t<div class=\"elementor-widget-wrap elementor-element-populated\">\n\t\t\t\t\t\t<div class=\"elementor-element elementor-element-3673c47 elementor-widget elementor-widget-image\" data-id=\"3673c47\" data-element_type=\"widget\" data-widget_type=\"image.default\">\n\t\t\t\t<div class=\"elementor-widget-container\">\n\t\t\t\t\t\t\t\t\t\t\t\t\t\t\t\t<a href=\"https:\/\/www.rtvslo.si\/rtv365\/arhiv\/174342979?s=tv\" target=\"_blank\">\n\t\t\t\t\t\t\t<img fetchpriority=\"high\" decoding=\"async\" width=\"2560\" height=\"1339\" src=\"https:\/\/museum-mb.si\/wp-content\/uploads\/2022\/08\/steklarstvo-severovzhodni-sloveniji-scaled.jpg\" class=\"attachment-full size-full wp-image-67375\" alt=\"\" srcset=\"https:\/\/museum-mb.si\/wp-content\/uploads\/2022\/08\/steklarstvo-severovzhodni-sloveniji-scaled.jpg 2560w, https:\/\/museum-mb.si\/wp-content\/uploads\/2022\/08\/steklarstvo-severovzhodni-sloveniji-300x157.jpg 300w, https:\/\/museum-mb.si\/wp-content\/uploads\/2022\/08\/steklarstvo-severovzhodni-sloveniji-1024x536.jpg 1024w, https:\/\/museum-mb.si\/wp-content\/uploads\/2022\/08\/steklarstvo-severovzhodni-sloveniji-768x402.jpg 768w, https:\/\/museum-mb.si\/wp-content\/uploads\/2022\/08\/steklarstvo-severovzhodni-sloveniji-1536x804.jpg 1536w, https:\/\/museum-mb.si\/wp-content\/uploads\/2022\/08\/steklarstvo-severovzhodni-sloveniji-2048x1072.jpg 2048w\" sizes=\"(max-width: 2560px) 100vw, 2560px\" \/>\t\t\t\t\t\t\t\t<\/a>\n\t\t\t\t\t\t\t\t\t\t\t\t\t\t\t<\/div>\n\t\t\t\t<\/div>\n\t\t\t\t<div class=\"elementor-element elementor-element-83e525a elementor-view-stacked elementor-shape-circle elementor-widget elementor-widget-icon\" data-id=\"83e525a\" data-element_type=\"widget\" data-widget_type=\"icon.default\">\n\t\t\t\t<div class=\"elementor-widget-container\">\n\t\t\t\t\t\t\t<div class=\"elementor-icon-wrapper\">\n\t\t\t<a class=\"elementor-icon\" href=\"https:\/\/www.rtvslo.si\/rtv365\/arhiv\/174342979?s=tv\" target=\"_blank\">\n\t\t\t<i aria-hidden=\"true\" class=\"fas fa-play-circle\"><\/i>\t\t\t<\/a>\n\t\t<\/div>\n\t\t\t\t\t\t<\/div>\n\t\t\t\t<\/div>\n\t\t\t\t\t<\/div>\n\t\t<\/div>\n\t\t\t\t\t<\/div>\n\t\t<\/section>\n\t\t\t\t<\/div>","protected":false},"excerpt":{"rendered":"<p>FELT\u00d6LT\u00c9S A SLEDI show: \u00fcvegnyomok - \u00fcveggy\u00e1rt\u00e1s \u00c9szakkelet-Szlov\u00e9ni\u00e1ban Szlov\u00e9nia \u00e9szakkeleti r\u00e9sze, amely gazdag fa- \u00e9s v\u00edzk\u00e9szletekben, az \u00fcveggy\u00e1rt\u00e1s gazdag m\u00faltj\u00e1val is b\u00fcszk\u00e9lkedhet. A 18. \u00e9s 19. sz\u00e1zadban k\u00f6zel 40 \u00fcveggy\u00e1r m\u0171k\u00f6d\u00f6tt Pohorje, Celje \u00e9s Kozjansko t\u00e9rs\u00e9g\u00e9ben. A Pohorj\u00e9ban tal\u00e1lhat\u00f3 Josipdolban l\u00e9v\u0151 kemenc\u00e9ket 1909-ben oltott\u00e1k ki [...].<\/p>","protected":false},"author":9,"featured_media":0,"parent":0,"menu_order":0,"comment_status":"closed","ping_status":"closed","template":"","meta":{"inline_featured_image":false,"footnotes":""},"class_list":["post-67548","page","type-page","status-publish","hentry"],"yoast_head":"<!-- This site is optimized with the Yoast SEO plugin v27.4 - https:\/\/yoast.com\/product\/yoast-seo-wordpress\/ -->\n<title>Oddaja SLEDI: Steklene sledi \u2013 steklarstvo v severovzhodni Sloveniji &#8211; Pokrajinski muzej Maribor<\/title>\n<meta name=\"robots\" content=\"index, follow, max-snippet:-1, max-image-preview:large, max-video-preview:-1\" \/>\n<link rel=\"canonical\" href=\"https:\/\/museum-mb.si\/hu\/az-uveg-nyomai-az-uveggyartas-nyomai-eszakkelet-szloveniaban\/\" \/>\n<meta property=\"og:locale\" content=\"hu_HU\" \/>\n<meta property=\"og:type\" content=\"article\" \/>\n<meta property=\"og:title\" content=\"Oddaja SLEDI: Steklene sledi \u2013 steklarstvo v severovzhodni Sloveniji &#8211; Pokrajinski muzej Maribor\" \/>\n<meta property=\"og:description\" content=\"RAZISKUJ Oddaja SLEDI: Steklene sledi \u2013 steklarstvo v severovzhodni Sloveniji Severovzhodni del Slovenije, bogat z lesom in vodnimi viri, se pona\u0161a tudi z bogato zgodovino steklarstva. V 18. in 19. stoletju je na obmo\u010dju Pohorja, celjskega in Kozjanskega obratovalo blizu 40 steklarn. V Josipdolu na Pohorju so pe\u010di ugasnile leta 1909. Bili pa so \u010dasi, [&hellip;]\" \/>\n<meta property=\"og:url\" content=\"https:\/\/museum-mb.si\/hu\/az-uveg-nyomai-az-uveggyartas-nyomai-eszakkelet-szloveniaban\/\" \/>\n<meta property=\"og:site_name\" content=\"Pokrajinski muzej Maribor\" \/>\n<meta property=\"article:publisher\" content=\"https:\/\/www.facebook.com\/pomum123\" \/>\n<meta property=\"article:modified_time\" content=\"2022-10-28T06:21:57+00:00\" \/>\n<meta property=\"og:image\" content=\"https:\/\/museum-mb.si\/wp-content\/uploads\/2022\/08\/steklarstvo-severovzhodni-sloveniji-scaled.jpg\" \/>\n\t<meta property=\"og:image:width\" content=\"2560\" \/>\n\t<meta property=\"og:image:height\" content=\"1339\" \/>\n\t<meta property=\"og:image:type\" content=\"image\/jpeg\" \/>\n<meta name=\"twitter:card\" content=\"summary_large_image\" \/>\n<script type=\"application\/ld+json\" class=\"yoast-schema-graph\">{\"@context\":\"https:\\\/\\\/schema.org\",\"@graph\":[{\"@type\":\"WebPage\",\"@id\":\"https:\\\/\\\/museum-mb.si\\\/oddaja-sledi-steklene-sledi-steklarstvo-v-severovzhodni-sloveniji\\\/\",\"url\":\"https:\\\/\\\/museum-mb.si\\\/oddaja-sledi-steklene-sledi-steklarstvo-v-severovzhodni-sloveniji\\\/\",\"name\":\"Oddaja SLEDI: Steklene sledi \u2013 steklarstvo v severovzhodni Sloveniji &#8211; Pokrajinski muzej Maribor\",\"isPartOf\":{\"@id\":\"https:\\\/\\\/museum-mb.si\\\/#website\"},\"primaryImageOfPage\":{\"@id\":\"https:\\\/\\\/museum-mb.si\\\/oddaja-sledi-steklene-sledi-steklarstvo-v-severovzhodni-sloveniji\\\/#primaryimage\"},\"image\":{\"@id\":\"https:\\\/\\\/museum-mb.si\\\/oddaja-sledi-steklene-sledi-steklarstvo-v-severovzhodni-sloveniji\\\/#primaryimage\"},\"thumbnailUrl\":\"https:\\\/\\\/museum-mb.si\\\/wp-content\\\/uploads\\\/2022\\\/08\\\/steklarstvo-severovzhodni-sloveniji-scaled.jpg\",\"datePublished\":\"2022-08-22T12:38:19+00:00\",\"dateModified\":\"2022-10-28T06:21:57+00:00\",\"breadcrumb\":{\"@id\":\"https:\\\/\\\/museum-mb.si\\\/oddaja-sledi-steklene-sledi-steklarstvo-v-severovzhodni-sloveniji\\\/#breadcrumb\"},\"inLanguage\":\"hu\",\"potentialAction\":[{\"@type\":\"ReadAction\",\"target\":[\"https:\\\/\\\/museum-mb.si\\\/oddaja-sledi-steklene-sledi-steklarstvo-v-severovzhodni-sloveniji\\\/\"]}]},{\"@type\":\"ImageObject\",\"inLanguage\":\"hu\",\"@id\":\"https:\\\/\\\/museum-mb.si\\\/oddaja-sledi-steklene-sledi-steklarstvo-v-severovzhodni-sloveniji\\\/#primaryimage\",\"url\":\"https:\\\/\\\/museum-mb.si\\\/wp-content\\\/uploads\\\/2022\\\/08\\\/steklarstvo-severovzhodni-sloveniji-scaled.jpg\",\"contentUrl\":\"https:\\\/\\\/museum-mb.si\\\/wp-content\\\/uploads\\\/2022\\\/08\\\/steklarstvo-severovzhodni-sloveniji-scaled.jpg\"},{\"@type\":\"BreadcrumbList\",\"@id\":\"https:\\\/\\\/museum-mb.si\\\/oddaja-sledi-steklene-sledi-steklarstvo-v-severovzhodni-sloveniji\\\/#breadcrumb\",\"itemListElement\":[{\"@type\":\"ListItem\",\"position\":1,\"name\":\"Domov\",\"item\":\"https:\\\/\\\/museum-mb.si\\\/\"},{\"@type\":\"ListItem\",\"position\":2,\"name\":\"Oddaja SLEDI: Steklene sledi \u2013 steklarstvo v severovzhodni Sloveniji\"}]},{\"@type\":\"WebSite\",\"@id\":\"https:\\\/\\\/museum-mb.si\\\/#website\",\"url\":\"https:\\\/\\\/museum-mb.si\\\/\",\"name\":\"Pokrajinski muzej Maribor\",\"description\":\"\",\"publisher\":{\"@id\":\"https:\\\/\\\/museum-mb.si\\\/#organization\"},\"potentialAction\":[{\"@type\":\"SearchAction\",\"target\":{\"@type\":\"EntryPoint\",\"urlTemplate\":\"https:\\\/\\\/museum-mb.si\\\/?s={search_term_string}\"},\"query-input\":{\"@type\":\"PropertyValueSpecification\",\"valueRequired\":true,\"valueName\":\"search_term_string\"}}],\"inLanguage\":\"hu\"},{\"@type\":\"Organization\",\"@id\":\"https:\\\/\\\/museum-mb.si\\\/#organization\",\"name\":\"Pokrajinski muzej Maribor\",\"url\":\"https:\\\/\\\/museum-mb.si\\\/\",\"logo\":{\"@type\":\"ImageObject\",\"inLanguage\":\"hu\",\"@id\":\"https:\\\/\\\/museum-mb.si\\\/#\\\/schema\\\/logo\\\/image\\\/\",\"url\":\"https:\\\/\\\/museum-mb.si\\\/wp-content\\\/uploads\\\/2024\\\/12\\\/pmm_logo_barvni_jpeg.jpg\",\"contentUrl\":\"https:\\\/\\\/museum-mb.si\\\/wp-content\\\/uploads\\\/2024\\\/12\\\/pmm_logo_barvni_jpeg.jpg\",\"width\":758,\"height\":754,\"caption\":\"Pokrajinski muzej Maribor\"},\"image\":{\"@id\":\"https:\\\/\\\/museum-mb.si\\\/#\\\/schema\\\/logo\\\/image\\\/\"},\"sameAs\":[\"https:\\\/\\\/www.facebook.com\\\/pomum123\",\"https:\\\/\\\/www.instagram.com\\\/maribor_museum\\\/\",\"https:\\\/\\\/www.youtube.com\\\/channel\\\/UCdshtCrun841Oc-35tYLBGQ\"]}]}<\/script>\n<!-- \/ Yoast SEO plugin. -->","yoast_head_json":{"title":"Oddaja SLEDI: Steklene sledi \u2013 steklarstvo v severovzhodni Sloveniji &#8211; Pokrajinski muzej Maribor","robots":{"index":"index","follow":"follow","max-snippet":"max-snippet:-1","max-image-preview":"max-image-preview:large","max-video-preview":"max-video-preview:-1"},"canonical":"https:\/\/museum-mb.si\/hu\/az-uveg-nyomai-az-uveggyartas-nyomai-eszakkelet-szloveniaban\/","og_locale":"hu_HU","og_type":"article","og_title":"Oddaja SLEDI: Steklene sledi \u2013 steklarstvo v severovzhodni Sloveniji &#8211; Pokrajinski muzej Maribor","og_description":"RAZISKUJ Oddaja SLEDI: Steklene sledi \u2013 steklarstvo v severovzhodni Sloveniji Severovzhodni del Slovenije, bogat z lesom in vodnimi viri, se pona\u0161a tudi z bogato zgodovino steklarstva. V 18. in 19. stoletju je na obmo\u010dju Pohorja, celjskega in Kozjanskega obratovalo blizu 40 steklarn. V Josipdolu na Pohorju so pe\u010di ugasnile leta 1909. Bili pa so \u010dasi, [&hellip;]","og_url":"https:\/\/museum-mb.si\/hu\/az-uveg-nyomai-az-uveggyartas-nyomai-eszakkelet-szloveniaban\/","og_site_name":"Pokrajinski muzej Maribor","article_publisher":"https:\/\/www.facebook.com\/pomum123","article_modified_time":"2022-10-28T06:21:57+00:00","og_image":[{"width":2560,"height":1339,"url":"https:\/\/museum-mb.si\/wp-content\/uploads\/2022\/08\/steklarstvo-severovzhodni-sloveniji-scaled.jpg","type":"image\/jpeg"}],"twitter_card":"summary_large_image","schema":{"@context":"https:\/\/schema.org","@graph":[{"@type":"WebPage","@id":"https:\/\/museum-mb.si\/oddaja-sledi-steklene-sledi-steklarstvo-v-severovzhodni-sloveniji\/","url":"https:\/\/museum-mb.si\/oddaja-sledi-steklene-sledi-steklarstvo-v-severovzhodni-sloveniji\/","name":"Oddaja SLEDI: Steklene sledi \u2013 steklarstvo v severovzhodni Sloveniji &#8211; Pokrajinski muzej Maribor","isPartOf":{"@id":"https:\/\/museum-mb.si\/#website"},"primaryImageOfPage":{"@id":"https:\/\/museum-mb.si\/oddaja-sledi-steklene-sledi-steklarstvo-v-severovzhodni-sloveniji\/#primaryimage"},"image":{"@id":"https:\/\/museum-mb.si\/oddaja-sledi-steklene-sledi-steklarstvo-v-severovzhodni-sloveniji\/#primaryimage"},"thumbnailUrl":"https:\/\/museum-mb.si\/wp-content\/uploads\/2022\/08\/steklarstvo-severovzhodni-sloveniji-scaled.jpg","datePublished":"2022-08-22T12:38:19+00:00","dateModified":"2022-10-28T06:21:57+00:00","breadcrumb":{"@id":"https:\/\/museum-mb.si\/oddaja-sledi-steklene-sledi-steklarstvo-v-severovzhodni-sloveniji\/#breadcrumb"},"inLanguage":"hu","potentialAction":[{"@type":"ReadAction","target":["https:\/\/museum-mb.si\/oddaja-sledi-steklene-sledi-steklarstvo-v-severovzhodni-sloveniji\/"]}]},{"@type":"ImageObject","inLanguage":"hu","@id":"https:\/\/museum-mb.si\/oddaja-sledi-steklene-sledi-steklarstvo-v-severovzhodni-sloveniji\/#primaryimage","url":"https:\/\/museum-mb.si\/wp-content\/uploads\/2022\/08\/steklarstvo-severovzhodni-sloveniji-scaled.jpg","contentUrl":"https:\/\/museum-mb.si\/wp-content\/uploads\/2022\/08\/steklarstvo-severovzhodni-sloveniji-scaled.jpg"},{"@type":"BreadcrumbList","@id":"https:\/\/museum-mb.si\/oddaja-sledi-steklene-sledi-steklarstvo-v-severovzhodni-sloveniji\/#breadcrumb","itemListElement":[{"@type":"ListItem","position":1,"name":"Domov","item":"https:\/\/museum-mb.si\/"},{"@type":"ListItem","position":2,"name":"Oddaja SLEDI: Steklene sledi \u2013 steklarstvo v severovzhodni Sloveniji"}]},{"@type":"WebSite","@id":"https:\/\/museum-mb.si\/#website","url":"https:\/\/museum-mb.si\/","name":"Maribori Region\u00e1lis M\u00fazeum","description":"","publisher":{"@id":"https:\/\/museum-mb.si\/#organization"},"potentialAction":[{"@type":"SearchAction","target":{"@type":"EntryPoint","urlTemplate":"https:\/\/museum-mb.si\/?s={search_term_string}"},"query-input":{"@type":"PropertyValueSpecification","valueRequired":true,"valueName":"search_term_string"}}],"inLanguage":"hu"},{"@type":"Organization","@id":"https:\/\/museum-mb.si\/#organization","name":"Maribori Region\u00e1lis M\u00fazeum","url":"https:\/\/museum-mb.si\/","logo":{"@type":"ImageObject","inLanguage":"hu","@id":"https:\/\/museum-mb.si\/#\/schema\/logo\/image\/","url":"https:\/\/museum-mb.si\/wp-content\/uploads\/2024\/12\/pmm_logo_barvni_jpeg.jpg","contentUrl":"https:\/\/museum-mb.si\/wp-content\/uploads\/2024\/12\/pmm_logo_barvni_jpeg.jpg","width":758,"height":754,"caption":"Pokrajinski muzej Maribor"},"image":{"@id":"https:\/\/museum-mb.si\/#\/schema\/logo\/image\/"},"sameAs":["https:\/\/www.facebook.com\/pomum123","https:\/\/www.instagram.com\/maribor_museum\/","https:\/\/www.youtube.com\/channel\/UCdshtCrun841Oc-35tYLBGQ"]}]}},"_links":{"self":[{"href":"https:\/\/museum-mb.si\/hu\/wp-json\/wp\/v2\/pages\/67548","targetHints":{"allow":["GET"]}}],"collection":[{"href":"https:\/\/museum-mb.si\/hu\/wp-json\/wp\/v2\/pages"}],"about":[{"href":"https:\/\/museum-mb.si\/hu\/wp-json\/wp\/v2\/types\/page"}],"author":[{"embeddable":true,"href":"https:\/\/museum-mb.si\/hu\/wp-json\/wp\/v2\/users\/9"}],"replies":[{"embeddable":true,"href":"https:\/\/museum-mb.si\/hu\/wp-json\/wp\/v2\/comments?post=67548"}],"version-history":[{"count":27,"href":"https:\/\/museum-mb.si\/hu\/wp-json\/wp\/v2\/pages\/67548\/revisions"}],"predecessor-version":[{"id":74603,"href":"https:\/\/museum-mb.si\/hu\/wp-json\/wp\/v2\/pages\/67548\/revisions\/74603"}],"wp:attachment":[{"href":"https:\/\/museum-mb.si\/hu\/wp-json\/wp\/v2\/media?parent=67548"}],"curies":[{"name":"wp","href":"https:\/\/api.w.org\/{rel}","templated":true}]}}