{"id":78481,"date":"2024-11-28T11:40:25","date_gmt":"2024-11-28T10:40:25","guid":{"rendered":"https:\/\/museum-mb.si\/?page_id=78481"},"modified":"2025-04-28T13:16:17","modified_gmt":"2025-04-28T12:16:17","slug":"set-5","status":"publish","type":"page","link":"https:\/\/museum-mb.si\/en\/exhibition-painter-eduard-lind\/set-5\/","title":{"rendered":"Sklop 5 &#8211; Razstava slikarja Eduarda Linda"},"content":{"rendered":"<div data-elementor-type=\"wp-page\" data-elementor-id=\"78481\" class=\"elementor elementor-78481\" data-elementor-post-type=\"page\">\n\t\t\t\t<div class=\"elementor-element elementor-element-ceb1ff1 e-flex e-con-boxed e-con e-parent\" data-id=\"ceb1ff1\" data-element_type=\"container\" data-settings=\"{&quot;jet_parallax_layout_list&quot;:[]}\">\n\t\t\t\t\t<div class=\"e-con-inner\">\n\t\t\t\t<div class=\"elementor-element elementor-element-e846863 elementor-widget elementor-widget-heading\" data-id=\"e846863\" data-element_type=\"widget\" data-widget_type=\"heading.default\">\n\t\t\t\t<div class=\"elementor-widget-container\">\n\t\t\t\t\t<h1 class=\"elementor-heading-title elementor-size-default\">Set #5<\/h1>\t\t\t\t<\/div>\n\t\t\t\t<\/div>\n\t\t<div class=\"elementor-element elementor-element-8b352c8 e-con-full e-flex e-con e-child\" data-id=\"8b352c8\" data-element_type=\"container\" data-settings=\"{&quot;jet_parallax_layout_list&quot;:[]}\">\n\t\t\t\t<div class=\"elementor-element elementor-element-e3e3a0e sl elementor-widget elementor-widget-jet-audio\" data-id=\"e3e3a0e\" data-element_type=\"widget\" data-widget_type=\"jet-audio.default\">\n\t\t\t\t<div class=\"elementor-widget-container\">\n\t\t\t\t\t<div class=\"elementor-jet-audio jet-elements\">\n\t\t<div class=\"jet-audio jet-audio--fa5-compat\" data-audio-settings=\"{&quot;controls&quot;:[&quot;playpause&quot;,&quot;current&quot;,&quot;progress&quot;,&quot;duration&quot;,&quot;volume&quot;],&quot;audioVolume&quot;:&quot;horizontal&quot;,&quot;startVolume&quot;:0.8,&quot;hasVolumeBar&quot;:&quot;yes&quot;,&quot;hideVolumeOnTouchDevices&quot;:false}\">\n\t\t\t<audio class=\"jet-audio-player\" preload=\"none\" controls=\"\" src=\"https:\/\/museum-mb.si\/wp-content\/uploads\/audio-recordings\/lind-2024\/sl\/LIND-5.mp3\" width=\"100%\"><\/audio>\n\t\t<\/div>\n\n\t\t<\/div>\t\t\t\t<\/div>\n\t\t\t\t<\/div>\n\t\t\t\t<div class=\"elementor-element elementor-element-d51467c en elementor-widget elementor-widget-jet-audio\" data-id=\"d51467c\" data-element_type=\"widget\" data-widget_type=\"jet-audio.default\">\n\t\t\t\t<div class=\"elementor-widget-container\">\n\t\t\t\t\t<div class=\"elementor-jet-audio jet-elements\">\n\t\t<div class=\"jet-audio jet-audio--fa5-compat\" data-audio-settings=\"{&quot;controls&quot;:[&quot;playpause&quot;,&quot;current&quot;,&quot;progress&quot;,&quot;duration&quot;,&quot;volume&quot;],&quot;audioVolume&quot;:&quot;horizontal&quot;,&quot;startVolume&quot;:0.8,&quot;hasVolumeBar&quot;:&quot;yes&quot;,&quot;hideVolumeOnTouchDevices&quot;:false}\">\n\t\t\t<audio class=\"jet-audio-player\" preload=\"none\" controls=\"\" src=\"https:\/\/museum-mb.si\/wp-content\/uploads\/audio-recordings\/lind-2024\/en\/LIND-5.mp3\" width=\"100%\"><\/audio>\n\t\t<\/div>\n\n\t\t<\/div>\t\t\t\t<\/div>\n\t\t\t\t<\/div>\n\t\t\t\t<div class=\"elementor-element elementor-element-164b0e6 de elementor-widget elementor-widget-jet-audio\" data-id=\"164b0e6\" data-element_type=\"widget\" data-widget_type=\"jet-audio.default\">\n\t\t\t\t<div class=\"elementor-widget-container\">\n\t\t\t\t\t<div class=\"elementor-jet-audio jet-elements\">\n\t\t<div class=\"jet-audio jet-audio--fa5-compat\" data-audio-settings=\"{&quot;controls&quot;:[&quot;playpause&quot;,&quot;current&quot;,&quot;progress&quot;,&quot;duration&quot;,&quot;volume&quot;],&quot;audioVolume&quot;:&quot;horizontal&quot;,&quot;startVolume&quot;:0.8,&quot;hasVolumeBar&quot;:&quot;yes&quot;,&quot;hideVolumeOnTouchDevices&quot;:false}\">\n\t\t\t<audio class=\"jet-audio-player\" preload=\"none\" controls=\"\" src=\"https:\/\/museum-mb.si\/wp-content\/uploads\/audio-recordings\/lind-2024\/de\/LIND-5.mp3\" width=\"100%\"><\/audio>\n\t\t<\/div>\n\n\t\t<\/div>\t\t\t\t<\/div>\n\t\t\t\t<\/div>\n\t\t\t\t<\/div>\n\t\t\t\t<div class=\"elementor-element elementor-element-3e86177 elementor-widget elementor-widget-heading\" data-id=\"3e86177\" data-element_type=\"widget\" data-widget_type=\"heading.default\">\n\t\t\t\t<div class=\"elementor-widget-container\">\n\t\t\t\t\t<h2 class=\"elementor-heading-title elementor-size-default\">Audio recording transcript<\/h2>\t\t\t\t<\/div>\n\t\t\t\t<\/div>\n\t\t<div class=\"elementor-element elementor-element-56b22d2 e-con-full e-flex e-con e-child\" data-id=\"56b22d2\" data-element_type=\"container\" data-settings=\"{&quot;jet_parallax_layout_list&quot;:[]}\">\n\t\t\t\t<div class=\"elementor-element elementor-element-68fe9ed elementor-widget elementor-widget-heading\" data-id=\"68fe9ed\" data-element_type=\"widget\" data-widget_type=\"heading.default\">\n\t\t\t\t<div class=\"elementor-widget-container\">\n\t\t\t\t\t<h2 class=\"elementor-heading-title elementor-size-default\">The chimney sweep's son from Hamburg<\/h2>\t\t\t\t<\/div>\n\t\t\t\t<\/div>\n\t\t\t\t<div class=\"elementor-element elementor-element-c8efad3 elementor-widget elementor-widget-text-editor\" data-id=\"c8efad3\" data-element_type=\"widget\" data-widget_type=\"text-editor.default\">\n\t\t\t\t<div class=\"elementor-widget-container\">\n\t\t\t\t\t\t\t\t\t<p>Eduard Lind was the son of chimney sweep Christian Peter Lind from Hamburg and his wife Engel Catharina Elisabeth, n\u00e9e Bluhme, from Altona. In 1846, he completed a three-year apprenticeship with the master painter von Dieck in Altona. In 1850 and 1854, he undertook study trips during which he sketched and painted cityscapes, landscapes, and people in three sketchbooks. He spent time in Dresden, Lower Austria, Styria, and the Vienna area, eventually moving from Graz to Maribor in 1855.<\/p>\t\t\t\t\t\t\t\t<\/div>\n\t\t\t\t<\/div>\n\t\t\t\t<div class=\"elementor-element elementor-element-bfcae2d elementor-widget elementor-widget-heading\" data-id=\"bfcae2d\" data-element_type=\"widget\" data-widget_type=\"heading.default\">\n\t\t\t\t<div class=\"elementor-widget-container\">\n\t\t\t\t\t<h2 class=\"elementor-heading-title elementor-size-default\">\u00bbHe behaved as an apprentice should during his apprenticeship\u00ab<\/h2>\t\t\t\t<\/div>\n\t\t\t\t<\/div>\n\t\t\t\t<div class=\"elementor-element elementor-element-eb7aabb elementor-widget elementor-widget-text-editor\" data-id=\"eb7aabb\" data-element_type=\"widget\" data-widget_type=\"text-editor.default\">\n\t\t\t\t<div class=\"elementor-widget-container\">\n\t\t\t\t\t\t\t\t\t<p>Eduard Lind's preserved documents note that he conducted himself well during his apprenticeship. Whether he obtained the title of master is unknown. Some writers even refer to him as an \"academic painter,\" though there is no evidence to confirm that he acquired such an education.<\/p><p>Eduard Lind was of short stature, with a high forehead, brown hair and eyebrows, gray-blue eyes, \"proportioned\" mouth and nose, a strong, round chin, an oval face, and a healthy complexion. He also had no \"distinctive features.\"<\/p><p>Among his personal belongings, two seal stamps with his initials\u2014one glass and one brass\u2014and a valuable notebook in which he recorded all the works he created have been preserved.<\/p><p>In his time, Lind was one of the most well-known residents of Maribor, with a large circle of friends. <\/p>\t\t\t\t\t\t\t\t<\/div>\n\t\t\t\t<\/div>\n\t\t\t\t<\/div>\n\t\t\t\t\t<\/div>\n\t\t\t\t<\/div>\n\t\t\t\t<\/div>","protected":false},"excerpt":{"rendered":"<p>Sklop #5 Zapis zvo\u010dnega posnetka Dimnikarjev sin iz Hamburga Eduard Lind je bil sin dimnikarja Christiana Petra Linda iz Hamburga in njegove \u017eene Engel Catharine Elisabeth, rojene Bluhme, iz Altone. Leta 1846 zaklju\u010dil triletno u\u010dno dobo pri slikarskem mojstru von Diecku v Altoni, v letih 1850 in 1854 pa se je odpravil na \u0161tudijsko potovanje [&hellip;]<\/p>","protected":false},"author":9,"featured_media":0,"parent":78269,"menu_order":0,"comment_status":"closed","ping_status":"closed","template":"","meta":{"inline_featured_image":false,"footnotes":""},"class_list":["post-78481","page","type-page","status-publish","hentry"],"yoast_head":"<!-- This site is optimized with the Yoast SEO plugin v27.4 - https:\/\/yoast.com\/product\/yoast-seo-wordpress\/ -->\n<title>Sklop 5 - Razstava slikarja Eduarda Linda &#8211; Pokrajinski muzej Maribor<\/title>\n<meta name=\"robots\" content=\"noindex, follow\" \/>\n<meta property=\"og:locale\" content=\"en_GB\" \/>\n<meta property=\"og:type\" content=\"article\" \/>\n<meta property=\"og:title\" content=\"Sklop 5 - Razstava slikarja Eduarda Linda &#8211; Pokrajinski muzej Maribor\" \/>\n<meta property=\"og:description\" content=\"Sklop #5 Zapis zvo\u010dnega posnetka Dimnikarjev sin iz Hamburga Eduard Lind je bil sin dimnikarja Christiana Petra Linda iz Hamburga in njegove \u017eene Engel Catharine Elisabeth, rojene Bluhme, iz Altone. Leta 1846 zaklju\u010dil triletno u\u010dno dobo pri slikarskem mojstru von Diecku v Altoni, v letih 1850 in 1854 pa se je odpravil na \u0161tudijsko potovanje [&hellip;]\" \/>\n<meta property=\"og:url\" content=\"https:\/\/museum-mb.si\/en\/exhibition-painter-eduard-lind\/set-5\/\" \/>\n<meta property=\"og:site_name\" content=\"Pokrajinski muzej Maribor\" \/>\n<meta property=\"article:publisher\" content=\"https:\/\/www.facebook.com\/pomum123\" \/>\n<meta property=\"article:modified_time\" content=\"2025-04-28T12:16:17+00:00\" \/>\n<meta property=\"og:image\" content=\"https:\/\/museum-mb.si\/wp-content\/uploads\/2024\/12\/pmm_logo_barvni.jpg\" \/>\n\t<meta property=\"og:image:width\" content=\"790\" \/>\n\t<meta property=\"og:image:height\" content=\"790\" \/>\n\t<meta property=\"og:image:type\" content=\"image\/jpeg\" \/>\n<meta name=\"twitter:card\" content=\"summary_large_image\" \/>\n<meta name=\"twitter:label1\" content=\"Estimated reading time\" \/>\n\t<meta name=\"twitter:data1\" content=\"2 minutes\" \/>\n<script type=\"application\/ld+json\" class=\"yoast-schema-graph\">{\"@context\":\"https:\\\/\\\/schema.org\",\"@graph\":[{\"@type\":\"WebPage\",\"@id\":\"https:\\\/\\\/museum-mb.si\\\/razstava-slikarja-eduarda-linda\\\/sklop-5\\\/\",\"url\":\"https:\\\/\\\/museum-mb.si\\\/razstava-slikarja-eduarda-linda\\\/sklop-5\\\/\",\"name\":\"Sklop 5 - Razstava slikarja Eduarda Linda &#8211; Pokrajinski muzej Maribor\",\"isPartOf\":{\"@id\":\"https:\\\/\\\/museum-mb.si\\\/#website\"},\"datePublished\":\"2024-11-28T10:40:25+00:00\",\"dateModified\":\"2025-04-28T12:16:17+00:00\",\"breadcrumb\":{\"@id\":\"https:\\\/\\\/museum-mb.si\\\/razstava-slikarja-eduarda-linda\\\/sklop-5\\\/#breadcrumb\"},\"inLanguage\":\"en-GB\",\"potentialAction\":[{\"@type\":\"ReadAction\",\"target\":[\"https:\\\/\\\/museum-mb.si\\\/razstava-slikarja-eduarda-linda\\\/sklop-5\\\/\"]}]},{\"@type\":\"BreadcrumbList\",\"@id\":\"https:\\\/\\\/museum-mb.si\\\/razstava-slikarja-eduarda-linda\\\/sklop-5\\\/#breadcrumb\",\"itemListElement\":[{\"@type\":\"ListItem\",\"position\":1,\"name\":\"Domov\",\"item\":\"https:\\\/\\\/museum-mb.si\\\/\"},{\"@type\":\"ListItem\",\"position\":2,\"name\":\"Razstava slikarja Eduarda Linda\",\"item\":\"https:\\\/\\\/museum-mb.si\\\/razstava-slikarja-eduarda-linda\\\/\"},{\"@type\":\"ListItem\",\"position\":3,\"name\":\"Sklop 5 &#8211; Razstava slikarja Eduarda Linda\"}]},{\"@type\":\"WebSite\",\"@id\":\"https:\\\/\\\/museum-mb.si\\\/#website\",\"url\":\"https:\\\/\\\/museum-mb.si\\\/\",\"name\":\"Pokrajinski muzej Maribor\",\"description\":\"\",\"publisher\":{\"@id\":\"https:\\\/\\\/museum-mb.si\\\/#organization\"},\"potentialAction\":[{\"@type\":\"SearchAction\",\"target\":{\"@type\":\"EntryPoint\",\"urlTemplate\":\"https:\\\/\\\/museum-mb.si\\\/?s={search_term_string}\"},\"query-input\":{\"@type\":\"PropertyValueSpecification\",\"valueRequired\":true,\"valueName\":\"search_term_string\"}}],\"inLanguage\":\"en-GB\"},{\"@type\":\"Organization\",\"@id\":\"https:\\\/\\\/museum-mb.si\\\/#organization\",\"name\":\"Pokrajinski muzej Maribor\",\"url\":\"https:\\\/\\\/museum-mb.si\\\/\",\"logo\":{\"@type\":\"ImageObject\",\"inLanguage\":\"en-GB\",\"@id\":\"https:\\\/\\\/museum-mb.si\\\/#\\\/schema\\\/logo\\\/image\\\/\",\"url\":\"https:\\\/\\\/museum-mb.si\\\/wp-content\\\/uploads\\\/2024\\\/12\\\/pmm_logo_barvni_jpeg.jpg\",\"contentUrl\":\"https:\\\/\\\/museum-mb.si\\\/wp-content\\\/uploads\\\/2024\\\/12\\\/pmm_logo_barvni_jpeg.jpg\",\"width\":758,\"height\":754,\"caption\":\"Pokrajinski muzej Maribor\"},\"image\":{\"@id\":\"https:\\\/\\\/museum-mb.si\\\/#\\\/schema\\\/logo\\\/image\\\/\"},\"sameAs\":[\"https:\\\/\\\/www.facebook.com\\\/pomum123\",\"https:\\\/\\\/www.instagram.com\\\/maribor_museum\\\/\",\"https:\\\/\\\/www.youtube.com\\\/channel\\\/UCdshtCrun841Oc-35tYLBGQ\"]}]}<\/script>\n<!-- \/ Yoast SEO plugin. -->","yoast_head_json":{"title":"Strand 1 - Exhibition of the painter Eduard Lind - Maribor Regional Museum","robots":{"index":"noindex","follow":"follow"},"og_locale":"en_GB","og_type":"article","og_title":"Sklop 5 - Razstava slikarja Eduarda Linda &#8211; Pokrajinski muzej Maribor","og_description":"Sklop #5 Zapis zvo\u010dnega posnetka Dimnikarjev sin iz Hamburga Eduard Lind je bil sin dimnikarja Christiana Petra Linda iz Hamburga in njegove \u017eene Engel Catharine Elisabeth, rojene Bluhme, iz Altone. Leta 1846 zaklju\u010dil triletno u\u010dno dobo pri slikarskem mojstru von Diecku v Altoni, v letih 1850 in 1854 pa se je odpravil na \u0161tudijsko potovanje [&hellip;]","og_url":"https:\/\/museum-mb.si\/en\/exhibition-painter-eduard-lind\/set-5\/","og_site_name":"Pokrajinski muzej Maribor","article_publisher":"https:\/\/www.facebook.com\/pomum123","article_modified_time":"2025-04-28T12:16:17+00:00","og_image":[{"width":790,"height":790,"url":"https:\/\/museum-mb.si\/wp-content\/uploads\/2024\/12\/pmm_logo_barvni.jpg","type":"image\/jpeg"}],"twitter_card":"summary_large_image","twitter_misc":{"Estimated reading time":"2 minutes"},"schema":{"@context":"https:\/\/schema.org","@graph":[{"@type":"WebPage","@id":"https:\/\/museum-mb.si\/razstava-slikarja-eduarda-linda\/sklop-5\/","url":"https:\/\/museum-mb.si\/razstava-slikarja-eduarda-linda\/sklop-5\/","name":"Strand 1 - Exhibition of the painter Eduard Lind - Maribor Regional Museum","isPartOf":{"@id":"https:\/\/museum-mb.si\/#website"},"datePublished":"2024-11-28T10:40:25+00:00","dateModified":"2025-04-28T12:16:17+00:00","breadcrumb":{"@id":"https:\/\/museum-mb.si\/razstava-slikarja-eduarda-linda\/sklop-5\/#breadcrumb"},"inLanguage":"en-GB","potentialAction":[{"@type":"ReadAction","target":["https:\/\/museum-mb.si\/razstava-slikarja-eduarda-linda\/sklop-5\/"]}]},{"@type":"BreadcrumbList","@id":"https:\/\/museum-mb.si\/razstava-slikarja-eduarda-linda\/sklop-5\/#breadcrumb","itemListElement":[{"@type":"ListItem","position":1,"name":"Domov","item":"https:\/\/museum-mb.si\/"},{"@type":"ListItem","position":2,"name":"Razstava slikarja Eduarda Linda","item":"https:\/\/museum-mb.si\/razstava-slikarja-eduarda-linda\/"},{"@type":"ListItem","position":3,"name":"Sklop 5 &#8211; Razstava slikarja Eduarda Linda"}]},{"@type":"WebSite","@id":"https:\/\/museum-mb.si\/#website","url":"https:\/\/museum-mb.si\/","name":"Maribor Regional Museum","description":"","publisher":{"@id":"https:\/\/museum-mb.si\/#organization"},"potentialAction":[{"@type":"SearchAction","target":{"@type":"EntryPoint","urlTemplate":"https:\/\/museum-mb.si\/?s={search_term_string}"},"query-input":{"@type":"PropertyValueSpecification","valueRequired":true,"valueName":"search_term_string"}}],"inLanguage":"en-GB"},{"@type":"Organization","@id":"https:\/\/museum-mb.si\/#organization","name":"Maribor Regional Museum","url":"https:\/\/museum-mb.si\/","logo":{"@type":"ImageObject","inLanguage":"en-GB","@id":"https:\/\/museum-mb.si\/#\/schema\/logo\/image\/","url":"https:\/\/museum-mb.si\/wp-content\/uploads\/2024\/12\/pmm_logo_barvni_jpeg.jpg","contentUrl":"https:\/\/museum-mb.si\/wp-content\/uploads\/2024\/12\/pmm_logo_barvni_jpeg.jpg","width":758,"height":754,"caption":"Pokrajinski muzej Maribor"},"image":{"@id":"https:\/\/museum-mb.si\/#\/schema\/logo\/image\/"},"sameAs":["https:\/\/www.facebook.com\/pomum123","https:\/\/www.instagram.com\/maribor_museum\/","https:\/\/www.youtube.com\/channel\/UCdshtCrun841Oc-35tYLBGQ"]}]}},"_links":{"self":[{"href":"https:\/\/museum-mb.si\/en\/wp-json\/wp\/v2\/pages\/78481","targetHints":{"allow":["GET"]}}],"collection":[{"href":"https:\/\/museum-mb.si\/en\/wp-json\/wp\/v2\/pages"}],"about":[{"href":"https:\/\/museum-mb.si\/en\/wp-json\/wp\/v2\/types\/page"}],"author":[{"embeddable":true,"href":"https:\/\/museum-mb.si\/en\/wp-json\/wp\/v2\/users\/9"}],"replies":[{"embeddable":true,"href":"https:\/\/museum-mb.si\/en\/wp-json\/wp\/v2\/comments?post=78481"}],"version-history":[{"count":10,"href":"https:\/\/museum-mb.si\/en\/wp-json\/wp\/v2\/pages\/78481\/revisions"}],"predecessor-version":[{"id":79554,"href":"https:\/\/museum-mb.si\/en\/wp-json\/wp\/v2\/pages\/78481\/revisions\/79554"}],"up":[{"embeddable":true,"href":"https:\/\/museum-mb.si\/en\/wp-json\/wp\/v2\/pages\/78269"}],"wp:attachment":[{"href":"https:\/\/museum-mb.si\/en\/wp-json\/wp\/v2\/media?parent=78481"}],"curies":[{"name":"wp","href":"https:\/\/api.w.org\/{rel}","templated":true}]}}