{"id":67473,"date":"2022-08-22T12:11:38","date_gmt":"2022-08-22T12:11:38","guid":{"rendered":"https:\/\/nova.museum-mb.si\/?page_id=67473"},"modified":"2022-09-30T14:05:20","modified_gmt":"2022-09-30T13:05:20","slug":"virtual-view-permanent-exhibitions-first-touch","status":"publish","type":"page","link":"https:\/\/museum-mb.si\/en\/virtual-view-permanent-exhibitions-first-touch\/","title":{"rendered":"VIRTUAL TOUR OF THE PERMANENT EXHIBITION FIRST TOUCH"},"content":{"rendered":"<div data-elementor-type=\"wp-page\" data-elementor-id=\"67473\" class=\"elementor elementor-67473\" data-elementor-post-type=\"page\">\n\t\t\t\t\t\t<section class=\"elementor-section elementor-top-section elementor-element elementor-element-74296b0 elementor-section-height-min-height elementor-section-boxed elementor-section-height-default elementor-section-items-middle\" data-id=\"74296b0\" data-element_type=\"section\" data-settings=\"{&quot;background_background&quot;:&quot;classic&quot;,&quot;jet_parallax_layout_list&quot;:[]}\">\n\t\t\t\t\t\t\t<div class=\"elementor-background-overlay\"><\/div>\n\t\t\t\t\t\t\t<div class=\"elementor-container elementor-column-gap-default\">\n\t\t\t\t\t<div class=\"elementor-column elementor-col-50 elementor-top-column elementor-element elementor-element-173fe6c\" data-id=\"173fe6c\" data-element_type=\"column\">\n\t\t\t<div class=\"elementor-widget-wrap elementor-element-populated\">\n\t\t\t\t\t\t<div class=\"elementor-element elementor-element-b1c9c5a elementor-widget elementor-widget-heading\" data-id=\"b1c9c5a\" data-element_type=\"widget\" data-widget_type=\"heading.default\">\n\t\t\t\t<div class=\"elementor-widget-container\">\n\t\t\t\t\t<h2 class=\"elementor-heading-title elementor-size-default\">EXPLORE<\/h2>\t\t\t\t<\/div>\n\t\t\t\t<\/div>\n\t\t\t\t<div class=\"elementor-element elementor-element-56792de elementor-widget elementor-widget-heading\" data-id=\"56792de\" data-element_type=\"widget\" data-widget_type=\"heading.default\">\n\t\t\t\t<div class=\"elementor-widget-container\">\n\t\t\t\t\t<h2 class=\"elementor-heading-title elementor-size-default\">VIRTUAL TOUR-PERMANENT EXHIBITION FIRST TOUCH<\/h2>\t\t\t\t<\/div>\n\t\t\t\t<\/div>\n\t\t\t\t\t<\/div>\n\t\t<\/div>\n\t\t\t\t<div class=\"elementor-column elementor-col-50 elementor-top-column elementor-element elementor-element-c966f85\" data-id=\"c966f85\" data-element_type=\"column\">\n\t\t\t<div class=\"elementor-widget-wrap elementor-element-populated\">\n\t\t\t\t\t\t<div class=\"elementor-element elementor-element-3ca67b4 elementor-widget elementor-widget-text-editor\" data-id=\"3ca67b4\" data-element_type=\"widget\" data-widget_type=\"text-editor.default\">\n\t\t\t\t<div class=\"elementor-widget-container\">\n\t\t\t\t\t\t\t\t\t<p>The archaeological exhibition First Touch takes us back to a time beyond memory. Around a 1000 selected artefacts made of different materials provide evidence of population density and residential culture, lifestyles and burial practices, material and spiritual culture, and social and economic conditions from the Early Stone Age to the Early Middle Ages. The reconstructed models of dwellings offer an insight into the way of life throughout the different periods. The intersections correlate the events and finds of our area with the wider Slovenian and global space. Some of the discoveries and archaeological research in the field are presented digitally.<u><\/u><u><\/u><\/p>\t\t\t\t\t\t\t\t<\/div>\n\t\t\t\t<\/div>\n\t\t\t\t\t<\/div>\n\t\t<\/div>\n\t\t\t\t\t<\/div>\n\t\t<\/section>\n\t\t\t\t<section class=\"elementor-section elementor-top-section elementor-element elementor-element-9698077 elementor-hidden-mobile elementor-section-boxed elementor-section-height-default elementor-section-height-default\" data-id=\"9698077\" data-element_type=\"section\" data-settings=\"{&quot;jet_parallax_layout_list&quot;:[]}\">\n\t\t\t\t\t\t<div class=\"elementor-container elementor-column-gap-default\">\n\t\t\t\t\t<div class=\"make-column-clickable-elementor elementor-column elementor-col-100 elementor-top-column elementor-element elementor-element-60b4763\" style=\"cursor: pointer;\" data-column-clickable=\"#Zbirke\" data-column-clickable-blank=\"_self\" data-id=\"60b4763\" data-element_type=\"column\" data-settings=\"{&quot;background_background&quot;:&quot;classic&quot;}\">\n\t\t\t<div class=\"elementor-widget-wrap elementor-element-populated\">\n\t\t\t\t\t\t<div class=\"elementor-element elementor-element-4c4d357 elementor-widget__width-auto elementor-widget elementor-widget-jet-inline-svg\" data-id=\"4c4d357\" data-element_type=\"widget\" data-widget_type=\"jet-inline-svg.default\">\n\t\t\t\t<div class=\"elementor-widget-container\">\n\t\t\t\t\t<div class=\"elementor-jet-inline-svg jet-elements\"><div class=\"jet-inline-svg__wrapper\"><a class=\"jet-inline-svg jet-inline-svg--custom-width jet-inline-svg--custom-color\" href=\"#Virtualnevsebine\" aria-label=\"SVG link\"><img decoding=\"async\" src=\"https:\/\/museum-mb.si\/wp-content\/uploads\/2022\/08\/arrow-down-sign-to-navigate.svg\" alt=\"\" class=\"jet-inline-svg__inner\"><\/a><\/div><\/div>\t\t\t\t<\/div>\n\t\t\t\t<\/div>\n\t\t\t\t\t<\/div>\n\t\t<\/div>\n\t\t\t\t\t<\/div>\n\t\t<\/section>\n\t\t\t\t<section class=\"elementor-section elementor-top-section elementor-element elementor-element-4af2b97 elementor-section-boxed elementor-section-height-default elementor-section-height-default\" data-id=\"4af2b97\" data-element_type=\"section\" data-settings=\"{&quot;jet_parallax_layout_list&quot;:[]}\">\n\t\t\t\t\t\t<div class=\"elementor-container elementor-column-gap-default\">\n\t\t\t\t\t<div class=\"elementor-column elementor-col-100 elementor-top-column elementor-element elementor-element-1606edc\" data-id=\"1606edc\" data-element_type=\"column\">\n\t\t\t<div class=\"elementor-widget-wrap elementor-element-populated\">\n\t\t\t\t\t\t<div class=\"elementor-element elementor-element-68838e6 elementor-widget elementor-widget-menu-anchor\" data-id=\"68838e6\" data-element_type=\"widget\" data-widget_type=\"menu-anchor.default\">\n\t\t\t\t<div class=\"elementor-widget-container\">\n\t\t\t\t\t\t\t<div class=\"elementor-menu-anchor\" id=\"Virtualnevsebine\"><\/div>\n\t\t\t\t\t\t<\/div>\n\t\t\t\t<\/div>\n\t\t\t\t\t<\/div>\n\t\t<\/div>\n\t\t\t\t\t<\/div>\n\t\t<\/section>\n\t\t\t\t<section class=\"elementor-section elementor-top-section elementor-element elementor-element-6fe7d02 elementor-section-boxed elementor-section-height-default elementor-section-height-default\" data-id=\"6fe7d02\" data-element_type=\"section\" data-settings=\"{&quot;jet_parallax_layout_list&quot;:[],&quot;background_background&quot;:&quot;classic&quot;}\">\n\t\t\t\t\t\t<div class=\"elementor-container elementor-column-gap-default\">\n\t\t\t\t\t<div class=\"elementor-column elementor-col-100 elementor-top-column elementor-element elementor-element-0b3bde4\" data-id=\"0b3bde4\" data-element_type=\"column\">\n\t\t\t<div class=\"elementor-widget-wrap elementor-element-populated\">\n\t\t\t\t\t\t<div class=\"elementor-element elementor-element-ad4dcb9 elementor-widget elementor-widget-image\" data-id=\"ad4dcb9\" data-element_type=\"widget\" data-widget_type=\"image.default\">\n\t\t\t\t<div class=\"elementor-widget-container\">\n\t\t\t\t\t\t\t\t\t\t\t\t\t\t\t\t<a href=\"https:\/\/www.burger.si\/MuzejiInGalerije\/PokrajinskiMuzejMaribor\/2012\/uvod.html#prvidotik\" target=\"_blank\">\n\t\t\t\t\t\t\t<img fetchpriority=\"high\" decoding=\"async\" width=\"2500\" height=\"1667\" src=\"https:\/\/museum-mb.si\/wp-content\/uploads\/2022\/08\/Prvi-dotik-2-1.jpg\" class=\"attachment-full size-full wp-image-67397\" alt=\"\" srcset=\"https:\/\/museum-mb.si\/wp-content\/uploads\/2022\/08\/Prvi-dotik-2-1.jpg 2500w, https:\/\/museum-mb.si\/wp-content\/uploads\/2022\/08\/Prvi-dotik-2-1-300x200.jpg 300w, https:\/\/museum-mb.si\/wp-content\/uploads\/2022\/08\/Prvi-dotik-2-1-1024x683.jpg 1024w, https:\/\/museum-mb.si\/wp-content\/uploads\/2022\/08\/Prvi-dotik-2-1-768x512.jpg 768w, https:\/\/museum-mb.si\/wp-content\/uploads\/2022\/08\/Prvi-dotik-2-1-1536x1024.jpg 1536w, https:\/\/museum-mb.si\/wp-content\/uploads\/2022\/08\/Prvi-dotik-2-1-2048x1366.jpg 2048w\" sizes=\"(max-width: 2500px) 100vw, 2500px\" \/>\t\t\t\t\t\t\t\t<\/a>\n\t\t\t\t\t\t\t\t\t\t\t\t\t\t\t<\/div>\n\t\t\t\t<\/div>\n\t\t\t\t<div class=\"elementor-element elementor-element-997cea7 elementor-view-stacked elementor-shape-circle elementor-widget elementor-widget-icon\" data-id=\"997cea7\" data-element_type=\"widget\" data-widget_type=\"icon.default\">\n\t\t\t\t<div class=\"elementor-widget-container\">\n\t\t\t\t\t\t\t<div class=\"elementor-icon-wrapper\">\n\t\t\t<a class=\"elementor-icon\" href=\"https:\/\/www.burger.si\/MuzejiInGalerije\/PokrajinskiMuzejMaribor\/2012\/uvod.html#prvidotik\" target=\"_blank\">\n\t\t\t<i aria-hidden=\"true\" class=\"fas fa-play-circle\"><\/i>\t\t\t<\/a>\n\t\t<\/div>\n\t\t\t\t\t\t<\/div>\n\t\t\t\t<\/div>\n\t\t\t\t\t<\/div>\n\t\t<\/div>\n\t\t\t\t\t<\/div>\n\t\t<\/section>\n\t\t\t\t<\/div>","protected":false},"excerpt":{"rendered":"<p>EXPLORE VIRTUAL VIEWING OF THE PERMANENT EXHIBITION FIRST TOUCH The archaeological exhibition First Touch takes us back in time beyond memory. Around 1 000 selected artefacts made of various materials provide evidence of the density of settlement and residential culture, lifestyles and burial practices, material and spiritual culture, and social and economic conditions from the Early Stone Age to the Early Middle Ages. [...]<\/p>","protected":false},"author":9,"featured_media":0,"parent":0,"menu_order":0,"comment_status":"closed","ping_status":"closed","template":"","meta":{"inline_featured_image":false,"footnotes":""},"class_list":["post-67473","page","type-page","status-publish","hentry"],"yoast_head":"<!-- This site is optimized with the Yoast SEO plugin v27.5 - https:\/\/yoast.com\/product\/yoast-seo-wordpress\/ -->\n<title>VIRTUALNI OGLED STALNE RAZSTAVE PRVI DOTIK &#8211; Pokrajinski muzej Maribor<\/title>\n<meta name=\"robots\" content=\"index, follow, max-snippet:-1, max-image-preview:large, max-video-preview:-1\" \/>\n<link rel=\"canonical\" href=\"https:\/\/museum-mb.si\/en\/virtual-view-permanent-exhibitions-first-touch\/\" \/>\n<meta property=\"og:locale\" content=\"en_GB\" \/>\n<meta property=\"og:type\" content=\"article\" \/>\n<meta property=\"og:title\" content=\"VIRTUALNI OGLED STALNE RAZSTAVE PRVI DOTIK &#8211; Pokrajinski muzej Maribor\" \/>\n<meta property=\"og:description\" content=\"RAZISKUJ VIRTUALNI OGLED STALNE RAZSTAVE PRVI DOTIK V \u010das izza spomina nas vodi arheolo\u0161ka razstava Prvi dotik. Okrog 1000 izbranih predmetov iz razli\u010dnih materialov pri\u010da o gostoti poselitve in bivanjski kulturi, na\u010dinu \u017eivljenja in pokopnih obi\u010dajih, materialni in duhovni kulturi ter socialnih in ekonomskih razmerah v \u010dasu od mlaj\u0161e kamene dobe do zgodnjega srednjega veka. [&hellip;]\" \/>\n<meta property=\"og:url\" content=\"https:\/\/museum-mb.si\/en\/virtual-view-permanent-exhibitions-first-touch\/\" \/>\n<meta property=\"og:site_name\" content=\"Pokrajinski muzej Maribor\" \/>\n<meta property=\"article:publisher\" content=\"https:\/\/www.facebook.com\/pomum123\" \/>\n<meta property=\"article:modified_time\" content=\"2022-09-30T13:05:20+00:00\" \/>\n<meta property=\"og:image\" content=\"https:\/\/museum-mb.si\/wp-content\/uploads\/2022\/08\/Prvi-dotik-2-1.jpg\" \/>\n\t<meta property=\"og:image:width\" content=\"2500\" \/>\n\t<meta property=\"og:image:height\" content=\"1667\" \/>\n\t<meta property=\"og:image:type\" content=\"image\/jpeg\" \/>\n<meta name=\"twitter:card\" content=\"summary_large_image\" \/>\n<meta name=\"twitter:label1\" content=\"Estimated reading time\" \/>\n\t<meta name=\"twitter:data1\" content=\"1 minute\" \/>\n<script type=\"application\/ld+json\" class=\"yoast-schema-graph\">{\"@context\":\"https:\\\/\\\/schema.org\",\"@graph\":[{\"@type\":\"WebPage\",\"@id\":\"https:\\\/\\\/museum-mb.si\\\/virtualni-ogled-stalne-razstave-prvi-dotik\\\/\",\"url\":\"https:\\\/\\\/museum-mb.si\\\/virtualni-ogled-stalne-razstave-prvi-dotik\\\/\",\"name\":\"VIRTUALNI OGLED STALNE RAZSTAVE PRVI DOTIK &#8211; Pokrajinski muzej Maribor\",\"isPartOf\":{\"@id\":\"https:\\\/\\\/museum-mb.si\\\/#website\"},\"primaryImageOfPage\":{\"@id\":\"https:\\\/\\\/museum-mb.si\\\/virtualni-ogled-stalne-razstave-prvi-dotik\\\/#primaryimage\"},\"image\":{\"@id\":\"https:\\\/\\\/museum-mb.si\\\/virtualni-ogled-stalne-razstave-prvi-dotik\\\/#primaryimage\"},\"thumbnailUrl\":\"https:\\\/\\\/museum-mb.si\\\/wp-content\\\/uploads\\\/2022\\\/08\\\/Prvi-dotik-2-1.jpg\",\"datePublished\":\"2022-08-22T12:11:38+00:00\",\"dateModified\":\"2022-09-30T13:05:20+00:00\",\"breadcrumb\":{\"@id\":\"https:\\\/\\\/museum-mb.si\\\/virtualni-ogled-stalne-razstave-prvi-dotik\\\/#breadcrumb\"},\"inLanguage\":\"en-GB\",\"potentialAction\":[{\"@type\":\"ReadAction\",\"target\":[\"https:\\\/\\\/museum-mb.si\\\/virtualni-ogled-stalne-razstave-prvi-dotik\\\/\"]}]},{\"@type\":\"ImageObject\",\"inLanguage\":\"en-GB\",\"@id\":\"https:\\\/\\\/museum-mb.si\\\/virtualni-ogled-stalne-razstave-prvi-dotik\\\/#primaryimage\",\"url\":\"https:\\\/\\\/museum-mb.si\\\/wp-content\\\/uploads\\\/2022\\\/08\\\/Prvi-dotik-2-1.jpg\",\"contentUrl\":\"https:\\\/\\\/museum-mb.si\\\/wp-content\\\/uploads\\\/2022\\\/08\\\/Prvi-dotik-2-1.jpg\"},{\"@type\":\"BreadcrumbList\",\"@id\":\"https:\\\/\\\/museum-mb.si\\\/virtualni-ogled-stalne-razstave-prvi-dotik\\\/#breadcrumb\",\"itemListElement\":[{\"@type\":\"ListItem\",\"position\":1,\"name\":\"Domov\",\"item\":\"https:\\\/\\\/museum-mb.si\\\/\"},{\"@type\":\"ListItem\",\"position\":2,\"name\":\"VIRTUALNI OGLED STALNE RAZSTAVE PRVI DOTIK\"}]},{\"@type\":\"WebSite\",\"@id\":\"https:\\\/\\\/museum-mb.si\\\/#website\",\"url\":\"https:\\\/\\\/museum-mb.si\\\/\",\"name\":\"Pokrajinski muzej Maribor\",\"description\":\"\",\"publisher\":{\"@id\":\"https:\\\/\\\/museum-mb.si\\\/#organization\"},\"potentialAction\":[{\"@type\":\"SearchAction\",\"target\":{\"@type\":\"EntryPoint\",\"urlTemplate\":\"https:\\\/\\\/museum-mb.si\\\/?s={search_term_string}\"},\"query-input\":{\"@type\":\"PropertyValueSpecification\",\"valueRequired\":true,\"valueName\":\"search_term_string\"}}],\"inLanguage\":\"en-GB\"},{\"@type\":\"Organization\",\"@id\":\"https:\\\/\\\/museum-mb.si\\\/#organization\",\"name\":\"Pokrajinski muzej Maribor\",\"url\":\"https:\\\/\\\/museum-mb.si\\\/\",\"logo\":{\"@type\":\"ImageObject\",\"inLanguage\":\"en-GB\",\"@id\":\"https:\\\/\\\/museum-mb.si\\\/#\\\/schema\\\/logo\\\/image\\\/\",\"url\":\"https:\\\/\\\/museum-mb.si\\\/wp-content\\\/uploads\\\/2024\\\/12\\\/pmm_logo_barvni_jpeg.jpg\",\"contentUrl\":\"https:\\\/\\\/museum-mb.si\\\/wp-content\\\/uploads\\\/2024\\\/12\\\/pmm_logo_barvni_jpeg.jpg\",\"width\":758,\"height\":754,\"caption\":\"Pokrajinski muzej Maribor\"},\"image\":{\"@id\":\"https:\\\/\\\/museum-mb.si\\\/#\\\/schema\\\/logo\\\/image\\\/\"},\"sameAs\":[\"https:\\\/\\\/www.facebook.com\\\/pomum123\",\"https:\\\/\\\/www.instagram.com\\\/maribor_museum\\\/\",\"https:\\\/\\\/www.youtube.com\\\/channel\\\/UCdshtCrun841Oc-35tYLBGQ\"]}]}<\/script>\n<!-- \/ Yoast SEO plugin. -->","yoast_head_json":{"title":"VIRTUALNI OGLED STALNE RAZSTAVE PRVI DOTIK &#8211; Pokrajinski muzej Maribor","robots":{"index":"index","follow":"follow","max-snippet":"max-snippet:-1","max-image-preview":"max-image-preview:large","max-video-preview":"max-video-preview:-1"},"canonical":"https:\/\/museum-mb.si\/en\/virtual-view-permanent-exhibitions-first-touch\/","og_locale":"en_GB","og_type":"article","og_title":"VIRTUALNI OGLED STALNE RAZSTAVE PRVI DOTIK &#8211; Pokrajinski muzej Maribor","og_description":"RAZISKUJ VIRTUALNI OGLED STALNE RAZSTAVE PRVI DOTIK V \u010das izza spomina nas vodi arheolo\u0161ka razstava Prvi dotik. Okrog 1000 izbranih predmetov iz razli\u010dnih materialov pri\u010da o gostoti poselitve in bivanjski kulturi, na\u010dinu \u017eivljenja in pokopnih obi\u010dajih, materialni in duhovni kulturi ter socialnih in ekonomskih razmerah v \u010dasu od mlaj\u0161e kamene dobe do zgodnjega srednjega veka. [&hellip;]","og_url":"https:\/\/museum-mb.si\/en\/virtual-view-permanent-exhibitions-first-touch\/","og_site_name":"Pokrajinski muzej Maribor","article_publisher":"https:\/\/www.facebook.com\/pomum123","article_modified_time":"2022-09-30T13:05:20+00:00","og_image":[{"width":2500,"height":1667,"url":"https:\/\/museum-mb.si\/wp-content\/uploads\/2022\/08\/Prvi-dotik-2-1.jpg","type":"image\/jpeg"}],"twitter_card":"summary_large_image","twitter_misc":{"Estimated reading time":"1 minute"},"schema":{"@context":"https:\/\/schema.org","@graph":[{"@type":"WebPage","@id":"https:\/\/museum-mb.si\/virtualni-ogled-stalne-razstave-prvi-dotik\/","url":"https:\/\/museum-mb.si\/virtualni-ogled-stalne-razstave-prvi-dotik\/","name":"VIRTUALNI OGLED STALNE RAZSTAVE PRVI DOTIK &#8211; Pokrajinski muzej Maribor","isPartOf":{"@id":"https:\/\/museum-mb.si\/#website"},"primaryImageOfPage":{"@id":"https:\/\/museum-mb.si\/virtualni-ogled-stalne-razstave-prvi-dotik\/#primaryimage"},"image":{"@id":"https:\/\/museum-mb.si\/virtualni-ogled-stalne-razstave-prvi-dotik\/#primaryimage"},"thumbnailUrl":"https:\/\/museum-mb.si\/wp-content\/uploads\/2022\/08\/Prvi-dotik-2-1.jpg","datePublished":"2022-08-22T12:11:38+00:00","dateModified":"2022-09-30T13:05:20+00:00","breadcrumb":{"@id":"https:\/\/museum-mb.si\/virtualni-ogled-stalne-razstave-prvi-dotik\/#breadcrumb"},"inLanguage":"en-GB","potentialAction":[{"@type":"ReadAction","target":["https:\/\/museum-mb.si\/virtualni-ogled-stalne-razstave-prvi-dotik\/"]}]},{"@type":"ImageObject","inLanguage":"en-GB","@id":"https:\/\/museum-mb.si\/virtualni-ogled-stalne-razstave-prvi-dotik\/#primaryimage","url":"https:\/\/museum-mb.si\/wp-content\/uploads\/2022\/08\/Prvi-dotik-2-1.jpg","contentUrl":"https:\/\/museum-mb.si\/wp-content\/uploads\/2022\/08\/Prvi-dotik-2-1.jpg"},{"@type":"BreadcrumbList","@id":"https:\/\/museum-mb.si\/virtualni-ogled-stalne-razstave-prvi-dotik\/#breadcrumb","itemListElement":[{"@type":"ListItem","position":1,"name":"Domov","item":"https:\/\/museum-mb.si\/"},{"@type":"ListItem","position":2,"name":"VIRTUALNI OGLED STALNE RAZSTAVE PRVI DOTIK"}]},{"@type":"WebSite","@id":"https:\/\/museum-mb.si\/#website","url":"https:\/\/museum-mb.si\/","name":"Maribor Regional Museum","description":"","publisher":{"@id":"https:\/\/museum-mb.si\/#organization"},"potentialAction":[{"@type":"SearchAction","target":{"@type":"EntryPoint","urlTemplate":"https:\/\/museum-mb.si\/?s={search_term_string}"},"query-input":{"@type":"PropertyValueSpecification","valueRequired":true,"valueName":"search_term_string"}}],"inLanguage":"en-GB"},{"@type":"Organization","@id":"https:\/\/museum-mb.si\/#organization","name":"Maribor Regional Museum","url":"https:\/\/museum-mb.si\/","logo":{"@type":"ImageObject","inLanguage":"en-GB","@id":"https:\/\/museum-mb.si\/#\/schema\/logo\/image\/","url":"https:\/\/museum-mb.si\/wp-content\/uploads\/2024\/12\/pmm_logo_barvni_jpeg.jpg","contentUrl":"https:\/\/museum-mb.si\/wp-content\/uploads\/2024\/12\/pmm_logo_barvni_jpeg.jpg","width":758,"height":754,"caption":"Pokrajinski muzej Maribor"},"image":{"@id":"https:\/\/museum-mb.si\/#\/schema\/logo\/image\/"},"sameAs":["https:\/\/www.facebook.com\/pomum123","https:\/\/www.instagram.com\/maribor_museum\/","https:\/\/www.youtube.com\/channel\/UCdshtCrun841Oc-35tYLBGQ"]}]}},"_links":{"self":[{"href":"https:\/\/museum-mb.si\/en\/wp-json\/wp\/v2\/pages\/67473","targetHints":{"allow":["GET"]}}],"collection":[{"href":"https:\/\/museum-mb.si\/en\/wp-json\/wp\/v2\/pages"}],"about":[{"href":"https:\/\/museum-mb.si\/en\/wp-json\/wp\/v2\/types\/page"}],"author":[{"embeddable":true,"href":"https:\/\/museum-mb.si\/en\/wp-json\/wp\/v2\/users\/9"}],"replies":[{"embeddable":true,"href":"https:\/\/museum-mb.si\/en\/wp-json\/wp\/v2\/comments?post=67473"}],"version-history":[{"count":30,"href":"https:\/\/museum-mb.si\/en\/wp-json\/wp\/v2\/pages\/67473\/revisions"}],"predecessor-version":[{"id":74188,"href":"https:\/\/museum-mb.si\/en\/wp-json\/wp\/v2\/pages\/67473\/revisions\/74188"}],"wp:attachment":[{"href":"https:\/\/museum-mb.si\/en\/wp-json\/wp\/v2\/media?parent=67473"}],"curies":[{"name":"wp","href":"https:\/\/api.w.org\/{rel}","templated":true}]}}