{"id":68676,"date":"2022-08-27T09:54:11","date_gmt":"2022-08-27T09:54:11","guid":{"rendered":"https:\/\/nova.museum-mb.si\/?page_id=68676"},"modified":"2022-08-27T10:09:24","modified_gmt":"2022-08-27T10:09:24","slug":"ostern-museum-zu-hause","status":"publish","type":"page","link":"https:\/\/museum-mb.si\/de\/ostern-museum-zu-hause\/","title":{"rendered":"Ostermuseum zu Hause"},"content":{"rendered":"<div data-elementor-type=\"wp-page\" data-elementor-id=\"68676\" class=\"elementor elementor-68676\" data-elementor-post-type=\"page\">\n\t\t\t\t\t\t<section class=\"elementor-section elementor-top-section elementor-element elementor-element-99fe9dc elementor-section-height-min-height elementor-section-boxed elementor-section-height-default elementor-section-items-middle\" data-id=\"99fe9dc\" data-element_type=\"section\" data-settings=\"{&quot;background_background&quot;:&quot;classic&quot;,&quot;jet_parallax_layout_list&quot;:[]}\">\n\t\t\t\t\t\t\t<div class=\"elementor-background-overlay\"><\/div>\n\t\t\t\t\t\t\t<div class=\"elementor-container elementor-column-gap-no\">\n\t\t\t\t\t<div class=\"elementor-column elementor-col-50 elementor-top-column elementor-element elementor-element-64ccdd3\" data-id=\"64ccdd3\" data-element_type=\"column\">\n\t\t\t<div class=\"elementor-widget-wrap elementor-element-populated\">\n\t\t\t\t\t\t<div class=\"elementor-element elementor-element-74534b1 elementor-widget elementor-widget-heading\" data-id=\"74534b1\" data-element_type=\"widget\" data-widget_type=\"heading.default\">\n\t\t\t\t<div class=\"elementor-widget-container\">\n\t\t\t\t\t<h2 class=\"elementor-heading-title elementor-size-default\">KINDERG\u00c4RTEN UND SCHULEN<\/h2>\t\t\t\t<\/div>\n\t\t\t\t<\/div>\n\t\t\t\t<div class=\"elementor-element elementor-element-5c05d29 elementor-widget elementor-widget-heading\" data-id=\"5c05d29\" data-element_type=\"widget\" data-widget_type=\"heading.default\">\n\t\t\t\t<div class=\"elementor-widget-container\">\n\t\t\t\t\t<h2 class=\"elementor-heading-title elementor-size-default\">OSTERN\nMUSEUM ZU HAUSE<\/h2>\t\t\t\t<\/div>\n\t\t\t\t<\/div>\n\t\t\t\t\t<\/div>\n\t\t<\/div>\n\t\t\t\t<div class=\"elementor-column elementor-col-50 elementor-top-column elementor-element elementor-element-ed6ee38\" data-id=\"ed6ee38\" data-element_type=\"column\">\n\t\t\t<div class=\"elementor-widget-wrap elementor-element-populated\">\n\t\t\t\t\t\t<div class=\"elementor-element elementor-element-9ca2705 elementor-widget elementor-widget-text-editor\" data-id=\"9ca2705\" data-element_type=\"widget\" data-widget_type=\"text-editor.default\">\n\t\t\t\t<div class=\"elementor-widget-container\">\n\t\t\t\t\t\t\t\t\t<div class=\"row-inner\"><div class=\"pos-top pos-center align_left column_parent col-lg-12 boomapps_vccolumn single-internal-gutter\"><div class=\"uncol style-light\"><div class=\"uncoltable\"><div class=\"uncell  boomapps_vccolumn no-block-padding\"><div class=\"uncont\"><div class=\"vc_custom_1587657860738 row-internal row-container boomapps_vcrow\"><div class=\"row row-child\"><div class=\"row-inner\"><div class=\"pos-middle pos-center align_left column_child col-lg-6 boomapps_vccolumn single-internal-gutter\"><div class=\"uncol style-dark\"><div class=\"uncoltable\"><div class=\"uncell  boomapps_vccolumn no-block-padding\"><div class=\"uncont\"><div class=\"uncode_text_column\"><h6><em>MUSEUMSFREIZEITEN sind interaktive p\u00e4dagogische Veranstaltungen, Workshops und unvergessliche Erlebnisse, bei denen Kinder anhand von Museumsobjekten etwas \u00fcber verschiedene ausgew\u00e4hlte Themen lernen. Sie richten sich an Vorschulkinder (3-6 Jahre) und Schulkinder im ersten Jahr der Grundschule und dauern 45 Minuten.<\/em><\/h6><\/div><\/div><\/div><\/div><\/div><\/div><\/div><\/div><\/div><\/div><\/div><\/div><\/div><\/div><\/div><p>\u00a0<\/p>\t\t\t\t\t\t\t\t<\/div>\n\t\t\t\t<\/div>\n\t\t\t\t\t<\/div>\n\t\t<\/div>\n\t\t\t\t\t<\/div>\n\t\t<\/section>\n\t\t\t\t<section class=\"elementor-section elementor-top-section elementor-element elementor-element-ac0c524 elementor-hidden-mobile elementor-section-boxed elementor-section-height-default elementor-section-height-default\" data-id=\"ac0c524\" data-element_type=\"section\" data-settings=\"{&quot;jet_parallax_layout_list&quot;:[]}\">\n\t\t\t\t\t\t<div class=\"elementor-container elementor-column-gap-default\">\n\t\t\t\t\t<div class=\"make-column-clickable-elementor elementor-column elementor-col-100 elementor-top-column elementor-element elementor-element-0936b36\" style=\"cursor: pointer;\" data-column-clickable=\"#Zbirke\" data-column-clickable-blank=\"_self\" data-id=\"0936b36\" data-element_type=\"column\" data-settings=\"{&quot;background_background&quot;:&quot;classic&quot;}\">\n\t\t\t<div class=\"elementor-widget-wrap elementor-element-populated\">\n\t\t\t\t\t\t<div class=\"elementor-element elementor-element-68fe939 elementor-widget__width-auto elementor-widget elementor-widget-jet-inline-svg\" data-id=\"68fe939\" data-element_type=\"widget\" data-widget_type=\"jet-inline-svg.default\">\n\t\t\t\t<div class=\"elementor-widget-container\">\n\t\t\t\t\t<div class=\"elementor-jet-inline-svg jet-elements\"><div class=\"jet-inline-svg__wrapper\"><a class=\"jet-inline-svg jet-inline-svg--custom-width jet-inline-svg--custom-color\" href=\"#Virtualnevsebine\" aria-label=\"SVG-Link\"><div class=\"jet-inline-svg__inner\"><?xml version=\"1.0\" encoding=\"UTF-8\" standalone=\"no\"?>\n<svg xmlns=\"http:\/\/www.w3.org\/2000\/svg\" version=\"1.0\" width=\"512.000000pt\" height=\"512.000000pt\" viewbox=\"0 0 512.000000 512.000000\" preserveaspectratio=\"xMidYMid meet\">\n  <g transform=\"translate(0.000000,512.000000) scale(0.100000,-0.100000)\" fill=\"currentColor\" stroke=\"none\">\n    <path d=\"M277 4009 c-103 -24 -197 -103 -244 -204 -23 -51 -28 -73 -27 -145 0 -160 -96 -52 1192 -1342 777 -778 1160 -1155 1191 -1172 73 -39 158 -53 234 -37 34 7 83 24 108 37 31 17 414 394 1191 1172 1288 1290 1192 1182 1192 1342 0 72 -4 94 -28 147 -84 184 -308 262 -491 171 -26 -13 -388 -368 -1037 -1016 l-998 -997 -998 997 c-652 651 -1011 1003 -1037 1016 -76 37 -170 49 -248 31z\"><\/path>\n  <\/g>\n<\/svg>\n<\/div><\/a><\/div><\/div>\t\t\t\t<\/div>\n\t\t\t\t<\/div>\n\t\t\t\t\t<\/div>\n\t\t<\/div>\n\t\t\t\t\t<\/div>\n\t\t<\/section>\n\t\t\t\t<section class=\"elementor-section elementor-top-section elementor-element elementor-element-423ba2f elementor-section-boxed elementor-section-height-default elementor-section-height-default\" data-id=\"423ba2f\" data-element_type=\"section\" data-settings=\"{&quot;jet_parallax_layout_list&quot;:[]}\">\n\t\t\t\t\t\t<div class=\"elementor-container elementor-column-gap-default\">\n\t\t\t\t\t<div class=\"elementor-column elementor-col-100 elementor-top-column elementor-element elementor-element-7f08b4d\" data-id=\"7f08b4d\" data-element_type=\"column\">\n\t\t\t<div class=\"elementor-widget-wrap elementor-element-populated\">\n\t\t\t\t\t\t<div class=\"elementor-element elementor-element-013c867 elementor-widget elementor-widget-menu-anchor\" data-id=\"013c867\" data-element_type=\"widget\" data-widget_type=\"menu-anchor.default\">\n\t\t\t\t<div class=\"elementor-widget-container\">\n\t\t\t\t\t\t\t<div class=\"elementor-menu-anchor\" id=\"Virtualnevsebine\"><\/div>\n\t\t\t\t\t\t<\/div>\n\t\t\t\t<\/div>\n\t\t\t\t\t<\/div>\n\t\t<\/div>\n\t\t\t\t\t<\/div>\n\t\t<\/section>\n\t\t\t\t<section class=\"elementor-section elementor-top-section elementor-element elementor-element-0bff2ae elementor-section-boxed elementor-section-height-default elementor-section-height-default\" data-id=\"0bff2ae\" data-element_type=\"section\" data-settings=\"{&quot;jet_parallax_layout_list&quot;:[]}\">\n\t\t\t\t\t\t<div class=\"elementor-container elementor-column-gap-default\">\n\t\t\t\t\t<div class=\"elementor-column elementor-col-33 elementor-top-column elementor-element elementor-element-8aa8190\" data-id=\"8aa8190\" data-element_type=\"column\">\n\t\t\t<div class=\"elementor-widget-wrap elementor-element-populated\">\n\t\t\t\t\t\t<div class=\"elementor-element elementor-element-6a89a62 elementor-widget elementor-widget-image\" data-id=\"6a89a62\" data-element_type=\"widget\" data-widget_type=\"image.default\">\n\t\t\t\t<div class=\"elementor-widget-container\">\n\t\t\t\t\t\t\t\t\t\t\t\t\t\t\t\t<a href=\"https:\/\/museum-mb.si\/wp-content\/uploads\/2022\/08\/kokos.pdf\">\n\t\t\t\t\t\t\t<img fetchpriority=\"high\" decoding=\"async\" width=\"800\" height=\"1000\" src=\"https:\/\/museum-mb.si\/wp-content\/uploads\/2022\/08\/IMG_2701-1-819x1024.jpg\" class=\"attachment-large size-large wp-image-68679\" alt=\"\" srcset=\"https:\/\/museum-mb.si\/wp-content\/uploads\/2022\/08\/IMG_2701-1-819x1024.jpg 819w, https:\/\/museum-mb.si\/wp-content\/uploads\/2022\/08\/IMG_2701-1-240x300.jpg 240w, https:\/\/museum-mb.si\/wp-content\/uploads\/2022\/08\/IMG_2701-1-768x960.jpg 768w, https:\/\/museum-mb.si\/wp-content\/uploads\/2022\/08\/IMG_2701-1-1229x1536.jpg 1229w, https:\/\/museum-mb.si\/wp-content\/uploads\/2022\/08\/IMG_2701-1-1638x2048.jpg 1638w, https:\/\/museum-mb.si\/wp-content\/uploads\/2022\/08\/IMG_2701-1-scaled.jpg 2048w\" sizes=\"(max-width: 800px) 100vw, 800px\" \/>\t\t\t\t\t\t\t\t<\/a>\n\t\t\t\t\t\t\t\t\t\t\t\t\t\t\t<\/div>\n\t\t\t\t<\/div>\n\t\t\t\t\t<\/div>\n\t\t<\/div>\n\t\t\t\t<div class=\"elementor-column elementor-col-33 elementor-top-column elementor-element elementor-element-515abfc\" data-id=\"515abfc\" data-element_type=\"column\">\n\t\t\t<div class=\"elementor-widget-wrap elementor-element-populated\">\n\t\t\t\t\t\t<div class=\"elementor-element elementor-element-971c1be elementor-widget elementor-widget-image\" data-id=\"971c1be\" data-element_type=\"widget\" data-widget_type=\"image.default\">\n\t\t\t\t<div class=\"elementor-widget-container\">\n\t\t\t\t\t\t\t\t\t\t\t\t\t\t\t\t<a href=\"https:\/\/museum-mb.si\/wp-content\/uploads\/2022\/08\/zajcek.pdf\">\n\t\t\t\t\t\t\t<img decoding=\"async\" width=\"800\" height=\"1000\" src=\"https:\/\/museum-mb.si\/wp-content\/uploads\/2022\/08\/IMG_2699-1-819x1024.jpg\" class=\"attachment-large size-large wp-image-68680\" alt=\"\" srcset=\"https:\/\/museum-mb.si\/wp-content\/uploads\/2022\/08\/IMG_2699-1-819x1024.jpg 819w, https:\/\/museum-mb.si\/wp-content\/uploads\/2022\/08\/IMG_2699-1-240x300.jpg 240w, https:\/\/museum-mb.si\/wp-content\/uploads\/2022\/08\/IMG_2699-1-768x960.jpg 768w, https:\/\/museum-mb.si\/wp-content\/uploads\/2022\/08\/IMG_2699-1-1229x1536.jpg 1229w, https:\/\/museum-mb.si\/wp-content\/uploads\/2022\/08\/IMG_2699-1-1638x2048.jpg 1638w, https:\/\/museum-mb.si\/wp-content\/uploads\/2022\/08\/IMG_2699-1-scaled.jpg 2048w\" sizes=\"(max-width: 800px) 100vw, 800px\" \/>\t\t\t\t\t\t\t\t<\/a>\n\t\t\t\t\t\t\t\t\t\t\t\t\t\t\t<\/div>\n\t\t\t\t<\/div>\n\t\t\t\t\t<\/div>\n\t\t<\/div>\n\t\t\t\t<div class=\"elementor-column elementor-col-33 elementor-top-column elementor-element elementor-element-cb36da0\" data-id=\"cb36da0\" data-element_type=\"column\">\n\t\t\t<div class=\"elementor-widget-wrap elementor-element-populated\">\n\t\t\t\t\t\t<div class=\"elementor-element elementor-element-11d8a91 elementor-widget elementor-widget-image\" data-id=\"11d8a91\" data-element_type=\"widget\" data-widget_type=\"image.default\">\n\t\t\t\t<div class=\"elementor-widget-container\">\n\t\t\t\t\t\t\t\t\t\t\t\t\t\t\t\t<a href=\"https:\/\/museum-mb.si\/wp-content\/uploads\/2022\/08\/piscancek.pdf\">\n\t\t\t\t\t\t\t<img decoding=\"async\" width=\"800\" height=\"1000\" src=\"https:\/\/museum-mb.si\/wp-content\/uploads\/2022\/08\/IMG_2697-1-819x1024.jpg\" class=\"attachment-large size-large wp-image-68681\" alt=\"\" srcset=\"https:\/\/museum-mb.si\/wp-content\/uploads\/2022\/08\/IMG_2697-1-819x1024.jpg 819w, https:\/\/museum-mb.si\/wp-content\/uploads\/2022\/08\/IMG_2697-1-240x300.jpg 240w, https:\/\/museum-mb.si\/wp-content\/uploads\/2022\/08\/IMG_2697-1-768x960.jpg 768w, https:\/\/museum-mb.si\/wp-content\/uploads\/2022\/08\/IMG_2697-1-1229x1536.jpg 1229w, https:\/\/museum-mb.si\/wp-content\/uploads\/2022\/08\/IMG_2697-1-1638x2048.jpg 1638w, https:\/\/museum-mb.si\/wp-content\/uploads\/2022\/08\/IMG_2697-1-scaled.jpg 2048w\" sizes=\"(max-width: 800px) 100vw, 800px\" \/>\t\t\t\t\t\t\t\t<\/a>\n\t\t\t\t\t\t\t\t\t\t\t\t\t\t\t<\/div>\n\t\t\t\t<\/div>\n\t\t\t\t\t<\/div>\n\t\t<\/div>\n\t\t\t\t\t<\/div>\n\t\t<\/section>\n\t\t\t\t<\/div>","protected":false},"excerpt":{"rendered":"<p>Kinderg\u00e4rten und Schulen OSTERNMUSEUM WAS IST ZUHAUSE MUSEEN sind interaktive p\u00e4dagogische Veranstaltungen, Workshops und unvergessliche Erlebnisse, bei denen Kinder mit Hilfe von Museumsobjekten etwas \u00fcber verschiedene ausgew\u00e4hlte Themen lernen. Sie richten sich an Kinder im Vorschulalter (3-6 Jahre) und an Schulkinder im ersten Jahr der Grundschule und dauern 45 Minuten. \u00a0<\/p>","protected":false},"author":9,"featured_media":0,"parent":0,"menu_order":0,"comment_status":"closed","ping_status":"closed","template":"","meta":{"inline_featured_image":false,"footnotes":""},"class_list":["post-68676","page","type-page","status-publish","hentry"],"yoast_head":"<!-- This site is optimized with the Yoast SEO plugin v27.5 - https:\/\/yoast.com\/product\/yoast-seo-wordpress\/ -->\n<title>Velikono\u010dna muzejnica kar doma &#8211; Pokrajinski muzej Maribor<\/title>\n<meta name=\"robots\" content=\"index, follow, max-snippet:-1, max-image-preview:large, max-video-preview:-1\" \/>\n<link rel=\"canonical\" href=\"https:\/\/museum-mb.si\/de\/ostern-museum-zu-hause\/\" \/>\n<meta property=\"og:locale\" content=\"de_DE\" \/>\n<meta property=\"og:type\" content=\"article\" \/>\n<meta property=\"og:title\" content=\"Velikono\u010dna muzejnica kar doma &#8211; Pokrajinski muzej Maribor\" \/>\n<meta property=\"og:description\" content=\"VRTCI IN \u0160OLE VELIKONO\u010cNA MUZEJNICA KAR DOMA MUZEJNICE so interaktivna pedago\u0161ka sre\u010danja, ustvarjalnice in nepozabna zabavna do\u017eivetja, na katerih otroci spoznavajo razli\u010dne izbrane teme s pomo\u010djo muzejskih predmetov. Namenjene so pred\u0161olskim otrokom (3-6 let) ter \u0161olarjem 1. triade O\u0160 in trajajo 45 minut. \u00a0\" \/>\n<meta property=\"og:url\" content=\"https:\/\/museum-mb.si\/de\/ostern-museum-zu-hause\/\" \/>\n<meta property=\"og:site_name\" content=\"Pokrajinski muzej Maribor\" \/>\n<meta property=\"article:publisher\" content=\"https:\/\/www.facebook.com\/pomum123\" \/>\n<meta property=\"article:modified_time\" content=\"2022-08-27T10:09:24+00:00\" \/>\n<meta property=\"og:image\" content=\"https:\/\/nova.museum-mb.si\/wp-content\/uploads\/2022\/08\/IMG_2701-1-819x1024.jpg\" \/>\n<meta name=\"twitter:card\" content=\"summary_large_image\" \/>\n<script type=\"application\/ld+json\" class=\"yoast-schema-graph\">{\"@context\":\"https:\\\/\\\/schema.org\",\"@graph\":[{\"@type\":\"WebPage\",\"@id\":\"https:\\\/\\\/museum-mb.si\\\/velikonocna-muzejnica-kar-doma\\\/\",\"url\":\"https:\\\/\\\/museum-mb.si\\\/velikonocna-muzejnica-kar-doma\\\/\",\"name\":\"Velikono\u010dna muzejnica kar doma &#8211; Pokrajinski muzej Maribor\",\"isPartOf\":{\"@id\":\"https:\\\/\\\/museum-mb.si\\\/#website\"},\"primaryImageOfPage\":{\"@id\":\"https:\\\/\\\/museum-mb.si\\\/velikonocna-muzejnica-kar-doma\\\/#primaryimage\"},\"image\":{\"@id\":\"https:\\\/\\\/museum-mb.si\\\/velikonocna-muzejnica-kar-doma\\\/#primaryimage\"},\"thumbnailUrl\":\"https:\\\/\\\/nova.museum-mb.si\\\/wp-content\\\/uploads\\\/2022\\\/08\\\/IMG_2701-1-819x1024.jpg\",\"datePublished\":\"2022-08-27T09:54:11+00:00\",\"dateModified\":\"2022-08-27T10:09:24+00:00\",\"breadcrumb\":{\"@id\":\"https:\\\/\\\/museum-mb.si\\\/velikonocna-muzejnica-kar-doma\\\/#breadcrumb\"},\"inLanguage\":\"de\",\"potentialAction\":[{\"@type\":\"ReadAction\",\"target\":[\"https:\\\/\\\/museum-mb.si\\\/velikonocna-muzejnica-kar-doma\\\/\"]}]},{\"@type\":\"ImageObject\",\"inLanguage\":\"de\",\"@id\":\"https:\\\/\\\/museum-mb.si\\\/velikonocna-muzejnica-kar-doma\\\/#primaryimage\",\"url\":\"https:\\\/\\\/nova.museum-mb.si\\\/wp-content\\\/uploads\\\/2022\\\/08\\\/IMG_2701-1-819x1024.jpg\",\"contentUrl\":\"https:\\\/\\\/nova.museum-mb.si\\\/wp-content\\\/uploads\\\/2022\\\/08\\\/IMG_2701-1-819x1024.jpg\"},{\"@type\":\"BreadcrumbList\",\"@id\":\"https:\\\/\\\/museum-mb.si\\\/velikonocna-muzejnica-kar-doma\\\/#breadcrumb\",\"itemListElement\":[{\"@type\":\"ListItem\",\"position\":1,\"name\":\"Domov\",\"item\":\"https:\\\/\\\/museum-mb.si\\\/\"},{\"@type\":\"ListItem\",\"position\":2,\"name\":\"Velikono\u010dna muzejnica kar doma\"}]},{\"@type\":\"WebSite\",\"@id\":\"https:\\\/\\\/museum-mb.si\\\/#website\",\"url\":\"https:\\\/\\\/museum-mb.si\\\/\",\"name\":\"Pokrajinski muzej Maribor\",\"description\":\"\",\"publisher\":{\"@id\":\"https:\\\/\\\/museum-mb.si\\\/#organization\"},\"potentialAction\":[{\"@type\":\"SearchAction\",\"target\":{\"@type\":\"EntryPoint\",\"urlTemplate\":\"https:\\\/\\\/museum-mb.si\\\/?s={search_term_string}\"},\"query-input\":{\"@type\":\"PropertyValueSpecification\",\"valueRequired\":true,\"valueName\":\"search_term_string\"}}],\"inLanguage\":\"de\"},{\"@type\":\"Organization\",\"@id\":\"https:\\\/\\\/museum-mb.si\\\/#organization\",\"name\":\"Pokrajinski muzej Maribor\",\"url\":\"https:\\\/\\\/museum-mb.si\\\/\",\"logo\":{\"@type\":\"ImageObject\",\"inLanguage\":\"de\",\"@id\":\"https:\\\/\\\/museum-mb.si\\\/#\\\/schema\\\/logo\\\/image\\\/\",\"url\":\"https:\\\/\\\/museum-mb.si\\\/wp-content\\\/uploads\\\/2024\\\/12\\\/pmm_logo_barvni_jpeg.jpg\",\"contentUrl\":\"https:\\\/\\\/museum-mb.si\\\/wp-content\\\/uploads\\\/2024\\\/12\\\/pmm_logo_barvni_jpeg.jpg\",\"width\":758,\"height\":754,\"caption\":\"Pokrajinski muzej Maribor\"},\"image\":{\"@id\":\"https:\\\/\\\/museum-mb.si\\\/#\\\/schema\\\/logo\\\/image\\\/\"},\"sameAs\":[\"https:\\\/\\\/www.facebook.com\\\/pomum123\",\"https:\\\/\\\/www.instagram.com\\\/maribor_museum\\\/\",\"https:\\\/\\\/www.youtube.com\\\/channel\\\/UCdshtCrun841Oc-35tYLBGQ\"]}]}<\/script>\n<!-- \/ Yoast SEO plugin. -->","yoast_head_json":{"title":"Velikono\u010dna muzejnica kar doma &#8211; Pokrajinski muzej Maribor","robots":{"index":"index","follow":"follow","max-snippet":"max-snippet:-1","max-image-preview":"max-image-preview:large","max-video-preview":"max-video-preview:-1"},"canonical":"https:\/\/museum-mb.si\/de\/ostern-museum-zu-hause\/","og_locale":"de_DE","og_type":"article","og_title":"Velikono\u010dna muzejnica kar doma &#8211; Pokrajinski muzej Maribor","og_description":"VRTCI IN \u0160OLE VELIKONO\u010cNA MUZEJNICA KAR DOMA MUZEJNICE so interaktivna pedago\u0161ka sre\u010danja, ustvarjalnice in nepozabna zabavna do\u017eivetja, na katerih otroci spoznavajo razli\u010dne izbrane teme s pomo\u010djo muzejskih predmetov. Namenjene so pred\u0161olskim otrokom (3-6 let) ter \u0161olarjem 1. triade O\u0160 in trajajo 45 minut. \u00a0","og_url":"https:\/\/museum-mb.si\/de\/ostern-museum-zu-hause\/","og_site_name":"Pokrajinski muzej Maribor","article_publisher":"https:\/\/www.facebook.com\/pomum123","article_modified_time":"2022-08-27T10:09:24+00:00","og_image":[{"url":"https:\/\/nova.museum-mb.si\/wp-content\/uploads\/2022\/08\/IMG_2701-1-819x1024.jpg","type":"","width":"","height":""}],"twitter_card":"summary_large_image","schema":{"@context":"https:\/\/schema.org","@graph":[{"@type":"WebPage","@id":"https:\/\/museum-mb.si\/velikonocna-muzejnica-kar-doma\/","url":"https:\/\/museum-mb.si\/velikonocna-muzejnica-kar-doma\/","name":"Velikono\u010dna muzejnica kar doma &#8211; Pokrajinski muzej Maribor","isPartOf":{"@id":"https:\/\/museum-mb.si\/#website"},"primaryImageOfPage":{"@id":"https:\/\/museum-mb.si\/velikonocna-muzejnica-kar-doma\/#primaryimage"},"image":{"@id":"https:\/\/museum-mb.si\/velikonocna-muzejnica-kar-doma\/#primaryimage"},"thumbnailUrl":"https:\/\/nova.museum-mb.si\/wp-content\/uploads\/2022\/08\/IMG_2701-1-819x1024.jpg","datePublished":"2022-08-27T09:54:11+00:00","dateModified":"2022-08-27T10:09:24+00:00","breadcrumb":{"@id":"https:\/\/museum-mb.si\/velikonocna-muzejnica-kar-doma\/#breadcrumb"},"inLanguage":"de","potentialAction":[{"@type":"ReadAction","target":["https:\/\/museum-mb.si\/velikonocna-muzejnica-kar-doma\/"]}]},{"@type":"ImageObject","inLanguage":"de","@id":"https:\/\/museum-mb.si\/velikonocna-muzejnica-kar-doma\/#primaryimage","url":"https:\/\/nova.museum-mb.si\/wp-content\/uploads\/2022\/08\/IMG_2701-1-819x1024.jpg","contentUrl":"https:\/\/nova.museum-mb.si\/wp-content\/uploads\/2022\/08\/IMG_2701-1-819x1024.jpg"},{"@type":"BreadcrumbList","@id":"https:\/\/museum-mb.si\/velikonocna-muzejnica-kar-doma\/#breadcrumb","itemListElement":[{"@type":"ListItem","position":1,"name":"Domov","item":"https:\/\/museum-mb.si\/"},{"@type":"ListItem","position":2,"name":"Velikono\u010dna muzejnica kar doma"}]},{"@type":"WebSite","@id":"https:\/\/museum-mb.si\/#website","url":"https:\/\/museum-mb.si\/","name":"Regionalmuseum Maribor","description":"","publisher":{"@id":"https:\/\/museum-mb.si\/#organization"},"potentialAction":[{"@type":"SearchAction","target":{"@type":"EntryPoint","urlTemplate":"https:\/\/museum-mb.si\/?s={search_term_string}"},"query-input":{"@type":"PropertyValueSpecification","valueRequired":true,"valueName":"search_term_string"}}],"inLanguage":"de"},{"@type":"Organization","@id":"https:\/\/museum-mb.si\/#organization","name":"Regionalmuseum Maribor","url":"https:\/\/museum-mb.si\/","logo":{"@type":"ImageObject","inLanguage":"de","@id":"https:\/\/museum-mb.si\/#\/schema\/logo\/image\/","url":"https:\/\/museum-mb.si\/wp-content\/uploads\/2024\/12\/pmm_logo_barvni_jpeg.jpg","contentUrl":"https:\/\/museum-mb.si\/wp-content\/uploads\/2024\/12\/pmm_logo_barvni_jpeg.jpg","width":758,"height":754,"caption":"Pokrajinski muzej Maribor"},"image":{"@id":"https:\/\/museum-mb.si\/#\/schema\/logo\/image\/"},"sameAs":["https:\/\/www.facebook.com\/pomum123","https:\/\/www.instagram.com\/maribor_museum\/","https:\/\/www.youtube.com\/channel\/UCdshtCrun841Oc-35tYLBGQ"]}]}},"_links":{"self":[{"href":"https:\/\/museum-mb.si\/de\/wp-json\/wp\/v2\/pages\/68676","targetHints":{"allow":["GET"]}}],"collection":[{"href":"https:\/\/museum-mb.si\/de\/wp-json\/wp\/v2\/pages"}],"about":[{"href":"https:\/\/museum-mb.si\/de\/wp-json\/wp\/v2\/types\/page"}],"author":[{"embeddable":true,"href":"https:\/\/museum-mb.si\/de\/wp-json\/wp\/v2\/users\/9"}],"replies":[{"embeddable":true,"href":"https:\/\/museum-mb.si\/de\/wp-json\/wp\/v2\/comments?post=68676"}],"version-history":[{"count":16,"href":"https:\/\/museum-mb.si\/de\/wp-json\/wp\/v2\/pages\/68676\/revisions"}],"predecessor-version":[{"id":68717,"href":"https:\/\/museum-mb.si\/de\/wp-json\/wp\/v2\/pages\/68676\/revisions\/68717"}],"wp:attachment":[{"href":"https:\/\/museum-mb.si\/de\/wp-json\/wp\/v2\/media?parent=68676"}],"curies":[{"name":"wp","href":"https:\/\/api.w.org\/{rel}","templated":true}]}}