{"id":67598,"date":"2022-08-22T13:00:33","date_gmt":"2022-08-22T13:00:33","guid":{"rendered":"https:\/\/nova.museum-mb.si\/?page_id=67598"},"modified":"2022-10-28T07:28:03","modified_gmt":"2022-10-28T06:28:03","slug":"sendung-folgt-dem-koch-zur-cousine-nach-haus","status":"publish","type":"page","link":"https:\/\/museum-mb.si\/de\/sendung-folgt-dem-koch-zur-cousine-nach-haus\/","title":{"rendered":"SCHATTEN: K\u00dcCHE - DAS HERZ DER KUPPEL"},"content":{"rendered":"<div data-elementor-type=\"wp-page\" data-elementor-id=\"67598\" class=\"elementor elementor-67598\" data-elementor-post-type=\"page\">\n\t\t\t\t\t\t<section class=\"elementor-section elementor-top-section elementor-element elementor-element-488b787 elementor-section-height-min-height elementor-section-boxed elementor-section-height-default elementor-section-items-middle\" data-id=\"488b787\" data-element_type=\"section\" data-settings=\"{&quot;background_background&quot;:&quot;classic&quot;,&quot;jet_parallax_layout_list&quot;:[]}\">\n\t\t\t\t\t\t\t<div class=\"elementor-background-overlay\"><\/div>\n\t\t\t\t\t\t\t<div class=\"elementor-container elementor-column-gap-default\">\n\t\t\t\t\t<div class=\"elementor-column elementor-col-50 elementor-top-column elementor-element elementor-element-8aa5188\" data-id=\"8aa5188\" data-element_type=\"column\">\n\t\t\t<div class=\"elementor-widget-wrap elementor-element-populated\">\n\t\t\t\t\t\t<div class=\"elementor-element elementor-element-556f432 elementor-widget elementor-widget-heading\" data-id=\"556f432\" data-element_type=\"widget\" data-widget_type=\"heading.default\">\n\t\t\t\t<div class=\"elementor-widget-container\">\n\t\t\t\t\t<h2 class=\"elementor-heading-title elementor-size-default\">ANZEIGE<\/h2>\t\t\t\t<\/div>\n\t\t\t\t<\/div>\n\t\t\t\t<div class=\"elementor-element elementor-element-f8b44a4 elementor-widget elementor-widget-heading\" data-id=\"f8b44a4\" data-element_type=\"widget\" data-widget_type=\"heading.default\">\n\t\t\t\t<div class=\"elementor-widget-container\">\n\t\t\t\t\t<h2 class=\"elementor-heading-title elementor-size-default\">SLEDI:\nK\u00dcCHE - DAS HERZ DER KUPPEL<\/h2>\t\t\t\t<\/div>\n\t\t\t\t<\/div>\n\t\t\t\t\t<\/div>\n\t\t<\/div>\n\t\t\t\t<div class=\"elementor-column elementor-col-50 elementor-top-column elementor-element elementor-element-d6a286f\" data-id=\"d6a286f\" data-element_type=\"column\">\n\t\t\t<div class=\"elementor-widget-wrap elementor-element-populated\">\n\t\t\t\t\t\t<div class=\"elementor-element elementor-element-f14fcdb elementor-widget elementor-widget-text-editor\" data-id=\"f14fcdb\" data-element_type=\"widget\" data-widget_type=\"text-editor.default\">\n\t\t\t\t<div class=\"elementor-widget-container\">\n\t\t\t\t\t\t\t\t\t<div class=\"row-inner\"><div class=\"pos-top pos-center align_left column_parent col-lg-12 boomapps_vccolumn single-internal-gutter\"><div class=\"uncol style-light\"><div class=\"uncoltable\"><div class=\"uncell  boomapps_vccolumn no-block-padding\"><div class=\"uncont\"><div class=\"row-internal row-container boomapps_vcrow\"><div class=\"row row-child\"><div class=\"row-inner\"><div class=\"pos-middle pos-center align_left column_child col-lg-6 boomapps_vccolumn single-internal-gutter\"><div class=\"uncol style-dark\"><div class=\"uncoltable\"><div class=\"uncell  boomapps_vccolumn no-block-padding\"><div class=\"uncont\"><div class=\"uncode_text_column\"><p>Die K\u00fcche ist seit jeher ein Ort der Gem\u00fctlichkeit, W\u00e4rme und Geborgenheit. Von der einfachen Feuerstelle bis zur modernen K\u00fcche von heute ist ihre Entwicklung mit der Entwicklung der menschlichen Lebenskultur und der Einstellung zum Essen einhergegangen. Heute ist sie nicht mehr nur ein Ersatz f\u00fcr den t\u00e4glichen Energiebedarf, sondern auch ein \u00e4sthetisches Vergn\u00fcgen und eine soziale Aktivit\u00e4t. Die Slowenen schlossen sich in den 1960er Jahren, als Ivo Gabrovec und Stane Romih noch bei Marles arbeiteten, den weltweiten Trends im K\u00fcchenm\u00f6beldesign an.<\/p><\/div><\/div><\/div><\/div><\/div><\/div><\/div><\/div><\/div><\/div><\/div><\/div><\/div><\/div><\/div><p>\u00a0<\/p>\t\t\t\t\t\t\t\t<\/div>\n\t\t\t\t<\/div>\n\t\t\t\t\t<\/div>\n\t\t<\/div>\n\t\t\t\t\t<\/div>\n\t\t<\/section>\n\t\t\t\t<section class=\"elementor-section elementor-top-section elementor-element elementor-element-4bc863e elementor-hidden-mobile elementor-section-boxed elementor-section-height-default elementor-section-height-default\" data-id=\"4bc863e\" data-element_type=\"section\" data-settings=\"{&quot;jet_parallax_layout_list&quot;:[]}\">\n\t\t\t\t\t\t<div class=\"elementor-container elementor-column-gap-default\">\n\t\t\t\t\t<div class=\"make-column-clickable-elementor elementor-column elementor-col-100 elementor-top-column elementor-element elementor-element-6b1d4ec\" style=\"cursor: pointer;\" data-column-clickable=\"#Zbirke\" data-column-clickable-blank=\"_self\" data-id=\"6b1d4ec\" data-element_type=\"column\" data-settings=\"{&quot;background_background&quot;:&quot;classic&quot;}\">\n\t\t\t<div class=\"elementor-widget-wrap elementor-element-populated\">\n\t\t\t\t\t\t<div class=\"elementor-element elementor-element-bad1b73 elementor-widget__width-auto elementor-widget elementor-widget-jet-inline-svg\" data-id=\"bad1b73\" data-element_type=\"widget\" data-widget_type=\"jet-inline-svg.default\">\n\t\t\t\t<div class=\"elementor-widget-container\">\n\t\t\t\t\t<div class=\"elementor-jet-inline-svg jet-elements\"><div class=\"jet-inline-svg__wrapper\"><a class=\"jet-inline-svg jet-inline-svg--custom-width jet-inline-svg--custom-color\" href=\"#Virtualnevsebine\" aria-label=\"SVG-Link\"><div class=\"jet-inline-svg__inner\"><?xml version=\"1.0\" encoding=\"UTF-8\" standalone=\"no\"?>\n<svg xmlns=\"http:\/\/www.w3.org\/2000\/svg\" version=\"1.0\" width=\"512.000000pt\" height=\"512.000000pt\" viewbox=\"0 0 512.000000 512.000000\" preserveaspectratio=\"xMidYMid meet\">\n  <g transform=\"translate(0.000000,512.000000) scale(0.100000,-0.100000)\" fill=\"currentColor\" stroke=\"none\">\n    <path d=\"M277 4009 c-103 -24 -197 -103 -244 -204 -23 -51 -28 -73 -27 -145 0 -160 -96 -52 1192 -1342 777 -778 1160 -1155 1191 -1172 73 -39 158 -53 234 -37 34 7 83 24 108 37 31 17 414 394 1191 1172 1288 1290 1192 1182 1192 1342 0 72 -4 94 -28 147 -84 184 -308 262 -491 171 -26 -13 -388 -368 -1037 -1016 l-998 -997 -998 997 c-652 651 -1011 1003 -1037 1016 -76 37 -170 49 -248 31z\"><\/path>\n  <\/g>\n<\/svg>\n<\/div><\/a><\/div><\/div>\t\t\t\t<\/div>\n\t\t\t\t<\/div>\n\t\t\t\t\t<\/div>\n\t\t<\/div>\n\t\t\t\t\t<\/div>\n\t\t<\/section>\n\t\t\t\t<section class=\"elementor-section elementor-top-section elementor-element elementor-element-f0de94b elementor-section-boxed elementor-section-height-default elementor-section-height-default\" data-id=\"f0de94b\" data-element_type=\"section\" data-settings=\"{&quot;jet_parallax_layout_list&quot;:[]}\">\n\t\t\t\t\t\t<div class=\"elementor-container elementor-column-gap-default\">\n\t\t\t\t\t<div class=\"elementor-column elementor-col-100 elementor-top-column elementor-element elementor-element-60f7250\" data-id=\"60f7250\" data-element_type=\"column\">\n\t\t\t<div class=\"elementor-widget-wrap elementor-element-populated\">\n\t\t\t\t\t\t<div class=\"elementor-element elementor-element-8822443 elementor-widget elementor-widget-menu-anchor\" data-id=\"8822443\" data-element_type=\"widget\" data-widget_type=\"menu-anchor.default\">\n\t\t\t\t<div class=\"elementor-widget-container\">\n\t\t\t\t\t\t\t<div class=\"elementor-menu-anchor\" id=\"Virtualnevsebine\"><\/div>\n\t\t\t\t\t\t<\/div>\n\t\t\t\t<\/div>\n\t\t\t\t\t<\/div>\n\t\t<\/div>\n\t\t\t\t\t<\/div>\n\t\t<\/section>\n\t\t\t\t<section class=\"elementor-section elementor-top-section elementor-element elementor-element-917ec66 elementor-section-boxed elementor-section-height-default elementor-section-height-default\" data-id=\"917ec66\" data-element_type=\"section\" data-settings=\"{&quot;jet_parallax_layout_list&quot;:[],&quot;background_background&quot;:&quot;classic&quot;}\">\n\t\t\t\t\t\t<div class=\"elementor-container elementor-column-gap-default\">\n\t\t\t\t\t<div class=\"elementor-column elementor-col-100 elementor-top-column elementor-element elementor-element-b8a4f2f\" data-id=\"b8a4f2f\" data-element_type=\"column\">\n\t\t\t<div class=\"elementor-widget-wrap elementor-element-populated\">\n\t\t\t\t\t\t<div class=\"elementor-element elementor-element-85b2a55 elementor-widget elementor-widget-image\" data-id=\"85b2a55\" data-element_type=\"widget\" data-widget_type=\"image.default\">\n\t\t\t\t<div class=\"elementor-widget-container\">\n\t\t\t\t\t\t\t\t\t\t\t\t\t\t\t\t<a href=\"https:\/\/4d.rtvslo.si\/arhiv\/sledi\/174482332\" target=\"_blank\">\n\t\t\t\t\t\t\t<img fetchpriority=\"high\" decoding=\"async\" width=\"2560\" height=\"1443\" src=\"https:\/\/museum-mb.si\/wp-content\/uploads\/2022\/08\/miza-scaled.jpg\" class=\"attachment-full size-full wp-image-67600\" alt=\"\" srcset=\"https:\/\/museum-mb.si\/wp-content\/uploads\/2022\/08\/miza-scaled.jpg 2560w, https:\/\/museum-mb.si\/wp-content\/uploads\/2022\/08\/miza-300x169.jpg 300w, https:\/\/museum-mb.si\/wp-content\/uploads\/2022\/08\/miza-1024x577.jpg 1024w, https:\/\/museum-mb.si\/wp-content\/uploads\/2022\/08\/miza-768x433.jpg 768w, https:\/\/museum-mb.si\/wp-content\/uploads\/2022\/08\/miza-1536x866.jpg 1536w, https:\/\/museum-mb.si\/wp-content\/uploads\/2022\/08\/miza-2048x1155.jpg 2048w\" sizes=\"(max-width: 2560px) 100vw, 2560px\" \/>\t\t\t\t\t\t\t\t<\/a>\n\t\t\t\t\t\t\t\t\t\t\t\t\t\t\t<\/div>\n\t\t\t\t<\/div>\n\t\t\t\t<div class=\"elementor-element elementor-element-3a23420 elementor-view-stacked elementor-shape-circle elementor-widget elementor-widget-icon\" data-id=\"3a23420\" data-element_type=\"widget\" data-widget_type=\"icon.default\">\n\t\t\t\t<div class=\"elementor-widget-container\">\n\t\t\t\t\t\t\t<div class=\"elementor-icon-wrapper\">\n\t\t\t<a class=\"elementor-icon\" href=\"https:\/\/4d.rtvslo.si\/arhiv\/sledi\/174482332\" target=\"_blank\">\n\t\t\t<i aria-hidden=\"true\" class=\"fas fa-play-circle\"><\/i>\t\t\t<\/a>\n\t\t<\/div>\n\t\t\t\t\t\t<\/div>\n\t\t\t\t<\/div>\n\t\t\t\t\t<\/div>\n\t\t<\/div>\n\t\t\t\t\t<\/div>\n\t\t<\/section>\n\t\t\t\t<\/div>","protected":false},"excerpt":{"rendered":"<p>SHOWCASE SHOWCARD: K\u00dcCHE - DAS HERZ VON D\u00d3M Die K\u00fcche stand schon immer f\u00fcr Gem\u00fctlichkeit, W\u00e4rme und Geborgenheit. Von der einfachen Feuerstelle bis zur modernen K\u00fcche von heute ist ihre Entwicklung mit der Entwicklung der menschlichen Lebenskultur und der Einstellung zum Essen einhergegangen. Heute ist das Essen nicht mehr nur ein Ersatz f\u00fcr den t\u00e4glichen Energiebedarf, sondern auch ein \u00e4sthetisches Vergn\u00fcgen und eine soziale Aktivit\u00e4t. Wir Slowenen haben [...]<\/p>","protected":false},"author":9,"featured_media":0,"parent":0,"menu_order":0,"comment_status":"closed","ping_status":"closed","template":"","meta":{"inline_featured_image":false,"footnotes":""},"class_list":["post-67598","page","type-page","status-publish","hentry"],"yoast_head":"<!-- This site is optimized with the Yoast SEO plugin v27.5 - https:\/\/yoast.com\/product\/yoast-seo-wordpress\/ -->\n<title>Oddaja SLEDI: KUHINJA \u2013 SRCE D\u00d3MA &#8211; Pokrajinski muzej Maribor<\/title>\n<meta name=\"robots\" content=\"index, follow, max-snippet:-1, max-image-preview:large, max-video-preview:-1\" \/>\n<link rel=\"canonical\" href=\"https:\/\/museum-mb.si\/de\/sendung-folgt-dem-koch-zur-cousine-nach-haus\/\" \/>\n<meta property=\"og:locale\" content=\"de_DE\" \/>\n<meta property=\"og:type\" content=\"article\" \/>\n<meta property=\"og:title\" content=\"Oddaja SLEDI: KUHINJA \u2013 SRCE D\u00d3MA &#8211; Pokrajinski muzej Maribor\" \/>\n<meta property=\"og:description\" content=\"RAZISKUJ Oddaja SLEDI: KUHINJA \u2013 SRCE D\u00d3MA Kuhinja je od nekdaj pomenila doma\u010dnost, toploto in varnost. Njen razvoj od preprostega ognji\u0161\u010da do dana\u0161nje moderne kuhinje sledi razvoju \u010dlovekove bivanjske kulture in odnosu do hrane. Ta danes ni ve\u010d zgolj nadome\u0161\u010danje dnevnih potreb po energiji, ampak tudi estetski u\u017eitek in dru\u017eabnost. Slovenci smo se svetovnim trendom [&hellip;]\" \/>\n<meta property=\"og:url\" content=\"https:\/\/museum-mb.si\/de\/sendung-folgt-dem-koch-zur-cousine-nach-haus\/\" \/>\n<meta property=\"og:site_name\" content=\"Pokrajinski muzej Maribor\" \/>\n<meta property=\"article:publisher\" content=\"https:\/\/www.facebook.com\/pomum123\" \/>\n<meta property=\"article:modified_time\" content=\"2022-10-28T06:28:03+00:00\" \/>\n<meta property=\"og:image\" content=\"https:\/\/museum-mb.si\/wp-content\/uploads\/2022\/08\/miza-scaled.jpg\" \/>\n\t<meta property=\"og:image:width\" content=\"2560\" \/>\n\t<meta property=\"og:image:height\" content=\"1443\" \/>\n\t<meta property=\"og:image:type\" content=\"image\/jpeg\" \/>\n<meta name=\"twitter:card\" content=\"summary_large_image\" \/>\n<script type=\"application\/ld+json\" class=\"yoast-schema-graph\">{\"@context\":\"https:\\\/\\\/schema.org\",\"@graph\":[{\"@type\":\"WebPage\",\"@id\":\"https:\\\/\\\/museum-mb.si\\\/oddaja-sledi-kuhinja-srce-doma\\\/\",\"url\":\"https:\\\/\\\/museum-mb.si\\\/oddaja-sledi-kuhinja-srce-doma\\\/\",\"name\":\"Oddaja SLEDI: KUHINJA \u2013 SRCE D\u00d3MA &#8211; Pokrajinski muzej Maribor\",\"isPartOf\":{\"@id\":\"https:\\\/\\\/museum-mb.si\\\/#website\"},\"primaryImageOfPage\":{\"@id\":\"https:\\\/\\\/museum-mb.si\\\/oddaja-sledi-kuhinja-srce-doma\\\/#primaryimage\"},\"image\":{\"@id\":\"https:\\\/\\\/museum-mb.si\\\/oddaja-sledi-kuhinja-srce-doma\\\/#primaryimage\"},\"thumbnailUrl\":\"https:\\\/\\\/museum-mb.si\\\/wp-content\\\/uploads\\\/2022\\\/08\\\/miza-scaled.jpg\",\"datePublished\":\"2022-08-22T13:00:33+00:00\",\"dateModified\":\"2022-10-28T06:28:03+00:00\",\"breadcrumb\":{\"@id\":\"https:\\\/\\\/museum-mb.si\\\/oddaja-sledi-kuhinja-srce-doma\\\/#breadcrumb\"},\"inLanguage\":\"de\",\"potentialAction\":[{\"@type\":\"ReadAction\",\"target\":[\"https:\\\/\\\/museum-mb.si\\\/oddaja-sledi-kuhinja-srce-doma\\\/\"]}]},{\"@type\":\"ImageObject\",\"inLanguage\":\"de\",\"@id\":\"https:\\\/\\\/museum-mb.si\\\/oddaja-sledi-kuhinja-srce-doma\\\/#primaryimage\",\"url\":\"https:\\\/\\\/museum-mb.si\\\/wp-content\\\/uploads\\\/2022\\\/08\\\/miza-scaled.jpg\",\"contentUrl\":\"https:\\\/\\\/museum-mb.si\\\/wp-content\\\/uploads\\\/2022\\\/08\\\/miza-scaled.jpg\"},{\"@type\":\"BreadcrumbList\",\"@id\":\"https:\\\/\\\/museum-mb.si\\\/oddaja-sledi-kuhinja-srce-doma\\\/#breadcrumb\",\"itemListElement\":[{\"@type\":\"ListItem\",\"position\":1,\"name\":\"Domov\",\"item\":\"https:\\\/\\\/museum-mb.si\\\/\"},{\"@type\":\"ListItem\",\"position\":2,\"name\":\"Oddaja SLEDI: KUHINJA \u2013 SRCE D\u00d3MA\"}]},{\"@type\":\"WebSite\",\"@id\":\"https:\\\/\\\/museum-mb.si\\\/#website\",\"url\":\"https:\\\/\\\/museum-mb.si\\\/\",\"name\":\"Pokrajinski muzej Maribor\",\"description\":\"\",\"publisher\":{\"@id\":\"https:\\\/\\\/museum-mb.si\\\/#organization\"},\"potentialAction\":[{\"@type\":\"SearchAction\",\"target\":{\"@type\":\"EntryPoint\",\"urlTemplate\":\"https:\\\/\\\/museum-mb.si\\\/?s={search_term_string}\"},\"query-input\":{\"@type\":\"PropertyValueSpecification\",\"valueRequired\":true,\"valueName\":\"search_term_string\"}}],\"inLanguage\":\"de\"},{\"@type\":\"Organization\",\"@id\":\"https:\\\/\\\/museum-mb.si\\\/#organization\",\"name\":\"Pokrajinski muzej Maribor\",\"url\":\"https:\\\/\\\/museum-mb.si\\\/\",\"logo\":{\"@type\":\"ImageObject\",\"inLanguage\":\"de\",\"@id\":\"https:\\\/\\\/museum-mb.si\\\/#\\\/schema\\\/logo\\\/image\\\/\",\"url\":\"https:\\\/\\\/museum-mb.si\\\/wp-content\\\/uploads\\\/2024\\\/12\\\/pmm_logo_barvni_jpeg.jpg\",\"contentUrl\":\"https:\\\/\\\/museum-mb.si\\\/wp-content\\\/uploads\\\/2024\\\/12\\\/pmm_logo_barvni_jpeg.jpg\",\"width\":758,\"height\":754,\"caption\":\"Pokrajinski muzej Maribor\"},\"image\":{\"@id\":\"https:\\\/\\\/museum-mb.si\\\/#\\\/schema\\\/logo\\\/image\\\/\"},\"sameAs\":[\"https:\\\/\\\/www.facebook.com\\\/pomum123\",\"https:\\\/\\\/www.instagram.com\\\/maribor_museum\\\/\",\"https:\\\/\\\/www.youtube.com\\\/channel\\\/UCdshtCrun841Oc-35tYLBGQ\"]}]}<\/script>\n<!-- \/ Yoast SEO plugin. -->","yoast_head_json":{"title":"Die K\u00fcche - das Herz der D\u00d3MA - Regionalmuseum Maribor","robots":{"index":"index","follow":"follow","max-snippet":"max-snippet:-1","max-image-preview":"max-image-preview:large","max-video-preview":"max-video-preview:-1"},"canonical":"https:\/\/museum-mb.si\/de\/sendung-folgt-dem-koch-zur-cousine-nach-haus\/","og_locale":"de_DE","og_type":"article","og_title":"Oddaja SLEDI: KUHINJA \u2013 SRCE D\u00d3MA &#8211; Pokrajinski muzej Maribor","og_description":"RAZISKUJ Oddaja SLEDI: KUHINJA \u2013 SRCE D\u00d3MA Kuhinja je od nekdaj pomenila doma\u010dnost, toploto in varnost. Njen razvoj od preprostega ognji\u0161\u010da do dana\u0161nje moderne kuhinje sledi razvoju \u010dlovekove bivanjske kulture in odnosu do hrane. Ta danes ni ve\u010d zgolj nadome\u0161\u010danje dnevnih potreb po energiji, ampak tudi estetski u\u017eitek in dru\u017eabnost. Slovenci smo se svetovnim trendom [&hellip;]","og_url":"https:\/\/museum-mb.si\/de\/sendung-folgt-dem-koch-zur-cousine-nach-haus\/","og_site_name":"Pokrajinski muzej Maribor","article_publisher":"https:\/\/www.facebook.com\/pomum123","article_modified_time":"2022-10-28T06:28:03+00:00","og_image":[{"width":2560,"height":1443,"url":"https:\/\/museum-mb.si\/wp-content\/uploads\/2022\/08\/miza-scaled.jpg","type":"image\/jpeg"}],"twitter_card":"summary_large_image","schema":{"@context":"https:\/\/schema.org","@graph":[{"@type":"WebPage","@id":"https:\/\/museum-mb.si\/oddaja-sledi-kuhinja-srce-doma\/","url":"https:\/\/museum-mb.si\/oddaja-sledi-kuhinja-srce-doma\/","name":"Die K\u00fcche - das Herz der D\u00d3MA - Regionalmuseum Maribor","isPartOf":{"@id":"https:\/\/museum-mb.si\/#website"},"primaryImageOfPage":{"@id":"https:\/\/museum-mb.si\/oddaja-sledi-kuhinja-srce-doma\/#primaryimage"},"image":{"@id":"https:\/\/museum-mb.si\/oddaja-sledi-kuhinja-srce-doma\/#primaryimage"},"thumbnailUrl":"https:\/\/museum-mb.si\/wp-content\/uploads\/2022\/08\/miza-scaled.jpg","datePublished":"2022-08-22T13:00:33+00:00","dateModified":"2022-10-28T06:28:03+00:00","breadcrumb":{"@id":"https:\/\/museum-mb.si\/oddaja-sledi-kuhinja-srce-doma\/#breadcrumb"},"inLanguage":"de","potentialAction":[{"@type":"ReadAction","target":["https:\/\/museum-mb.si\/oddaja-sledi-kuhinja-srce-doma\/"]}]},{"@type":"ImageObject","inLanguage":"de","@id":"https:\/\/museum-mb.si\/oddaja-sledi-kuhinja-srce-doma\/#primaryimage","url":"https:\/\/museum-mb.si\/wp-content\/uploads\/2022\/08\/miza-scaled.jpg","contentUrl":"https:\/\/museum-mb.si\/wp-content\/uploads\/2022\/08\/miza-scaled.jpg"},{"@type":"BreadcrumbList","@id":"https:\/\/museum-mb.si\/oddaja-sledi-kuhinja-srce-doma\/#breadcrumb","itemListElement":[{"@type":"ListItem","position":1,"name":"Domov","item":"https:\/\/museum-mb.si\/"},{"@type":"ListItem","position":2,"name":"Oddaja SLEDI: KUHINJA \u2013 SRCE D\u00d3MA"}]},{"@type":"WebSite","@id":"https:\/\/museum-mb.si\/#website","url":"https:\/\/museum-mb.si\/","name":"Regionalmuseum Maribor","description":"","publisher":{"@id":"https:\/\/museum-mb.si\/#organization"},"potentialAction":[{"@type":"SearchAction","target":{"@type":"EntryPoint","urlTemplate":"https:\/\/museum-mb.si\/?s={search_term_string}"},"query-input":{"@type":"PropertyValueSpecification","valueRequired":true,"valueName":"search_term_string"}}],"inLanguage":"de"},{"@type":"Organization","@id":"https:\/\/museum-mb.si\/#organization","name":"Regionalmuseum Maribor","url":"https:\/\/museum-mb.si\/","logo":{"@type":"ImageObject","inLanguage":"de","@id":"https:\/\/museum-mb.si\/#\/schema\/logo\/image\/","url":"https:\/\/museum-mb.si\/wp-content\/uploads\/2024\/12\/pmm_logo_barvni_jpeg.jpg","contentUrl":"https:\/\/museum-mb.si\/wp-content\/uploads\/2024\/12\/pmm_logo_barvni_jpeg.jpg","width":758,"height":754,"caption":"Pokrajinski muzej Maribor"},"image":{"@id":"https:\/\/museum-mb.si\/#\/schema\/logo\/image\/"},"sameAs":["https:\/\/www.facebook.com\/pomum123","https:\/\/www.instagram.com\/maribor_museum\/","https:\/\/www.youtube.com\/channel\/UCdshtCrun841Oc-35tYLBGQ"]}]}},"_links":{"self":[{"href":"https:\/\/museum-mb.si\/de\/wp-json\/wp\/v2\/pages\/67598","targetHints":{"allow":["GET"]}}],"collection":[{"href":"https:\/\/museum-mb.si\/de\/wp-json\/wp\/v2\/pages"}],"about":[{"href":"https:\/\/museum-mb.si\/de\/wp-json\/wp\/v2\/types\/page"}],"author":[{"embeddable":true,"href":"https:\/\/museum-mb.si\/de\/wp-json\/wp\/v2\/users\/9"}],"replies":[{"embeddable":true,"href":"https:\/\/museum-mb.si\/de\/wp-json\/wp\/v2\/comments?post=67598"}],"version-history":[{"count":16,"href":"https:\/\/museum-mb.si\/de\/wp-json\/wp\/v2\/pages\/67598\/revisions"}],"predecessor-version":[{"id":74609,"href":"https:\/\/museum-mb.si\/de\/wp-json\/wp\/v2\/pages\/67598\/revisions\/74609"}],"wp:attachment":[{"href":"https:\/\/museum-mb.si\/de\/wp-json\/wp\/v2\/media?parent=67598"}],"curies":[{"name":"wp","href":"https:\/\/api.w.org\/{rel}","templated":true}]}}