{"id":67406,"date":"2022-08-22T11:44:00","date_gmt":"2022-08-22T11:44:00","guid":{"rendered":"https:\/\/nova.museum-mb.si\/?page_id=67406"},"modified":"2022-09-30T14:06:43","modified_gmt":"2022-09-30T13:06:43","slug":"virtuelle-ansicht-standalone-ausstellungen-der-pharmazie-der-medizin-2","status":"publish","type":"page","link":"https:\/\/museum-mb.si\/de\/virtuelle-ansicht-standalone-ausstellungen-der-pharmazie-der-medizin-2\/","title":{"rendered":"VIRTUALNI OGLED STALNE RAZSTAVE ARS PHARMACEUTICA \u2013 UMETNOST LEKARNI\u0160TVA"},"content":{"rendered":"<div data-elementor-type=\"wp-page\" data-elementor-id=\"67406\" class=\"elementor elementor-67406\" data-elementor-post-type=\"page\">\n\t\t\t\t\t\t<section class=\"elementor-section elementor-top-section elementor-element elementor-element-eaef1a4 elementor-section-height-min-height elementor-section-boxed elementor-section-height-default elementor-section-items-middle\" data-id=\"eaef1a4\" data-element_type=\"section\" data-settings=\"{&quot;background_background&quot;:&quot;classic&quot;,&quot;jet_parallax_layout_list&quot;:[]}\">\n\t\t\t\t\t\t\t<div class=\"elementor-background-overlay\"><\/div>\n\t\t\t\t\t\t\t<div class=\"elementor-container elementor-column-gap-no\">\n\t\t\t\t\t<div class=\"elementor-column elementor-col-50 elementor-top-column elementor-element elementor-element-5f3b4a7\" data-id=\"5f3b4a7\" data-element_type=\"column\">\n\t\t\t<div class=\"elementor-widget-wrap elementor-element-populated\">\n\t\t\t\t\t\t<div class=\"elementor-element elementor-element-3b7e6f1 elementor-widget elementor-widget-heading\" data-id=\"3b7e6f1\" data-element_type=\"widget\" data-widget_type=\"heading.default\">\n\t\t\t\t<div class=\"elementor-widget-container\">\n\t\t\t\t\t<h2 class=\"elementor-heading-title elementor-size-default\">ANZEIGE<\/h2>\t\t\t\t<\/div>\n\t\t\t\t<\/div>\n\t\t\t\t<div class=\"elementor-element elementor-element-8291a5c elementor-widget elementor-widget-heading\" data-id=\"8291a5c\" data-element_type=\"widget\" data-widget_type=\"heading.default\">\n\t\t\t\t<div class=\"elementor-widget-container\">\n\t\t\t\t\t<h2 class=\"elementor-heading-title elementor-size-default\">VIRTUELLER RUNDGANG\nDIE ST\u00c4NDIGE AUSSTELLUNG ARS PHARMACEUTICA - DIE KUNST DER PHARMAZIE\n<\/h2>\t\t\t\t<\/div>\n\t\t\t\t<\/div>\n\t\t\t\t\t<\/div>\n\t\t<\/div>\n\t\t\t\t<div class=\"elementor-column elementor-col-50 elementor-top-column elementor-element elementor-element-be03340\" data-id=\"be03340\" data-element_type=\"column\">\n\t\t\t<div class=\"elementor-widget-wrap elementor-element-populated\">\n\t\t\t\t\t\t<div class=\"elementor-element elementor-element-7bb9908 elementor-widget elementor-widget-text-editor\" data-id=\"7bb9908\" data-element_type=\"widget\" data-widget_type=\"text-editor.default\">\n\t\t\t\t<div class=\"elementor-widget-container\">\n\t\t\t\t\t\t\t\t\t<p>Die Apothekensammlung des Regionalmuseums Maribor ist die zentrale Sammlung ihrer Art in Slowenien. Sie wurde auf Initiative des Pharmaziehistorikers und Pharmazeuten Franti\u0161ek Mina\u0159ik Franti\u0161ek Mina\u0159ik mit der Unterst\u00fctzung des ehemaligen Museumsdirektors Dr. Bogo Teply. Die Sammlung enth\u00e4lt Material, das von der Vergangenheit der Pharmazie in der Steiermark, K\u00e4rnten und Pomurje zeugt. Die Objekte wurden einst von privaten Apothekern benutzt, aber das Museum hat auch viele von ihnen aus den Mariborer Apotheken \u00fcbernommen. Die Ausstellung f\u00fchrt Sie in das Nebengeb\u00e4ude der Apotheke mit Originalm\u00f6beln aus dem sp\u00e4ten 19. und fr\u00fchen 20. Jahrhundert. In den Regalen stehen originale Apothekenst\u00e4nder aus Glas, Holz und Keramik, und auf dem Apothekentisch stehen zwei Apothekenwaagen. Neben dem Verkaufsraum verf\u00fcgten die Apotheken bis zum Ersten Weltkrieg auch \u00fcber ein Labor und einen Materialraum. Dort wurden die Pr\u00e4parate f\u00fcr die Herstellung von Arzneimitteln gelagert und im Laboratorium wurden die Medikamente hergestellt.<u><\/u><u><\/u><\/p>\t\t\t\t\t\t\t\t<\/div>\n\t\t\t\t<\/div>\n\t\t\t\t\t<\/div>\n\t\t<\/div>\n\t\t\t\t\t<\/div>\n\t\t<\/section>\n\t\t\t\t<section class=\"elementor-section elementor-top-section elementor-element elementor-element-07a923c elementor-hidden-mobile elementor-section-boxed elementor-section-height-default elementor-section-height-default\" data-id=\"07a923c\" data-element_type=\"section\" data-settings=\"{&quot;jet_parallax_layout_list&quot;:[]}\">\n\t\t\t\t\t\t<div class=\"elementor-container elementor-column-gap-default\">\n\t\t\t\t\t<div class=\"make-column-clickable-elementor elementor-column elementor-col-100 elementor-top-column elementor-element elementor-element-7802222\" style=\"cursor: pointer;\" data-column-clickable=\"#Zbirke\" data-column-clickable-blank=\"_self\" data-id=\"7802222\" data-element_type=\"column\" data-settings=\"{&quot;background_background&quot;:&quot;classic&quot;}\">\n\t\t\t<div class=\"elementor-widget-wrap elementor-element-populated\">\n\t\t\t\t\t\t<div class=\"elementor-element elementor-element-9df821c elementor-widget__width-auto elementor-widget elementor-widget-jet-inline-svg\" data-id=\"9df821c\" data-element_type=\"widget\" data-widget_type=\"jet-inline-svg.default\">\n\t\t\t\t<div class=\"elementor-widget-container\">\n\t\t\t\t\t<div class=\"elementor-jet-inline-svg jet-elements\"><div class=\"jet-inline-svg__wrapper\"><a class=\"jet-inline-svg jet-inline-svg--custom-width jet-inline-svg--custom-color\" href=\"#Virtualnevsebine\" aria-label=\"SVG-Link\"><div class=\"jet-inline-svg__inner\"><?xml version=\"1.0\" encoding=\"UTF-8\" standalone=\"no\"?>\n<svg xmlns=\"http:\/\/www.w3.org\/2000\/svg\" version=\"1.0\" width=\"512.000000pt\" height=\"512.000000pt\" viewbox=\"0 0 512.000000 512.000000\" preserveaspectratio=\"xMidYMid meet\">\n  <g transform=\"translate(0.000000,512.000000) scale(0.100000,-0.100000)\" fill=\"currentColor\" stroke=\"none\">\n    <path d=\"M277 4009 c-103 -24 -197 -103 -244 -204 -23 -51 -28 -73 -27 -145 0 -160 -96 -52 1192 -1342 777 -778 1160 -1155 1191 -1172 73 -39 158 -53 234 -37 34 7 83 24 108 37 31 17 414 394 1191 1172 1288 1290 1192 1182 1192 1342 0 72 -4 94 -28 147 -84 184 -308 262 -491 171 -26 -13 -388 -368 -1037 -1016 l-998 -997 -998 997 c-652 651 -1011 1003 -1037 1016 -76 37 -170 49 -248 31z\"><\/path>\n  <\/g>\n<\/svg>\n<\/div><\/a><\/div><\/div>\t\t\t\t<\/div>\n\t\t\t\t<\/div>\n\t\t\t\t\t<\/div>\n\t\t<\/div>\n\t\t\t\t\t<\/div>\n\t\t<\/section>\n\t\t\t\t<section class=\"elementor-section elementor-top-section elementor-element elementor-element-e2f43a1 elementor-section-boxed elementor-section-height-default elementor-section-height-default\" data-id=\"e2f43a1\" data-element_type=\"section\" data-settings=\"{&quot;jet_parallax_layout_list&quot;:[]}\">\n\t\t\t\t\t\t<div class=\"elementor-container elementor-column-gap-default\">\n\t\t\t\t\t<div class=\"elementor-column elementor-col-100 elementor-top-column elementor-element elementor-element-eaf264f\" data-id=\"eaf264f\" data-element_type=\"column\">\n\t\t\t<div class=\"elementor-widget-wrap elementor-element-populated\">\n\t\t\t\t\t\t<div class=\"elementor-element elementor-element-97e6d93 elementor-widget elementor-widget-menu-anchor\" data-id=\"97e6d93\" data-element_type=\"widget\" data-widget_type=\"menu-anchor.default\">\n\t\t\t\t<div class=\"elementor-widget-container\">\n\t\t\t\t\t\t\t<div class=\"elementor-menu-anchor\" id=\"Virtualnevsebine\"><\/div>\n\t\t\t\t\t\t<\/div>\n\t\t\t\t<\/div>\n\t\t\t\t\t<\/div>\n\t\t<\/div>\n\t\t\t\t\t<\/div>\n\t\t<\/section>\n\t\t\t\t<section class=\"elementor-section elementor-top-section elementor-element elementor-element-e38a885 elementor-section-boxed elementor-section-height-default elementor-section-height-default\" data-id=\"e38a885\" data-element_type=\"section\" data-settings=\"{&quot;jet_parallax_layout_list&quot;:[],&quot;background_background&quot;:&quot;classic&quot;}\">\n\t\t\t\t\t\t<div class=\"elementor-container elementor-column-gap-default\">\n\t\t\t\t\t<div class=\"elementor-column elementor-col-100 elementor-top-column elementor-element elementor-element-972a748\" data-id=\"972a748\" data-element_type=\"column\">\n\t\t\t<div class=\"elementor-widget-wrap elementor-element-populated\">\n\t\t\t\t\t\t<div class=\"elementor-element elementor-element-8728e68 elementor-widget elementor-widget-image\" data-id=\"8728e68\" data-element_type=\"widget\" data-widget_type=\"image.default\">\n\t\t\t\t<div class=\"elementor-widget-container\">\n\t\t\t\t\t\t\t\t\t\t\t\t\t\t\t\t<a href=\"https:\/\/www.burger.si\/MuzejiInGalerije\/PokrajinskiMuzejMaribor\/2012\/uvod.html#arspharmaceutica\" target=\"_blank\">\n\t\t\t\t\t\t\t<img fetchpriority=\"high\" decoding=\"async\" width=\"2048\" height=\"1360\" src=\"https:\/\/museum-mb.si\/wp-content\/uploads\/2022\/08\/Ars-pharmaceutica-Umetnost-lekarnistva-Pokrajinski-muzej-maribor-1-1.jpg\" class=\"attachment-full size-full wp-image-67395\" alt=\"\" srcset=\"https:\/\/museum-mb.si\/wp-content\/uploads\/2022\/08\/Ars-pharmaceutica-Umetnost-lekarnistva-Pokrajinski-muzej-maribor-1-1.jpg 2048w, https:\/\/museum-mb.si\/wp-content\/uploads\/2022\/08\/Ars-pharmaceutica-Umetnost-lekarnistva-Pokrajinski-muzej-maribor-1-1-300x199.jpg 300w, https:\/\/museum-mb.si\/wp-content\/uploads\/2022\/08\/Ars-pharmaceutica-Umetnost-lekarnistva-Pokrajinski-muzej-maribor-1-1-1024x680.jpg 1024w, https:\/\/museum-mb.si\/wp-content\/uploads\/2022\/08\/Ars-pharmaceutica-Umetnost-lekarnistva-Pokrajinski-muzej-maribor-1-1-768x510.jpg 768w, https:\/\/museum-mb.si\/wp-content\/uploads\/2022\/08\/Ars-pharmaceutica-Umetnost-lekarnistva-Pokrajinski-muzej-maribor-1-1-1536x1020.jpg 1536w\" sizes=\"(max-width: 2048px) 100vw, 2048px\" \/>\t\t\t\t\t\t\t\t<\/a>\n\t\t\t\t\t\t\t\t\t\t\t\t\t\t\t<\/div>\n\t\t\t\t<\/div>\n\t\t\t\t<div class=\"elementor-element elementor-element-76e741b elementor-view-stacked elementor-shape-circle elementor-widget elementor-widget-icon\" data-id=\"76e741b\" data-element_type=\"widget\" data-widget_type=\"icon.default\">\n\t\t\t\t<div class=\"elementor-widget-container\">\n\t\t\t\t\t\t\t<div class=\"elementor-icon-wrapper\">\n\t\t\t<a class=\"elementor-icon\" href=\"https:\/\/www.burger.si\/MuzejiInGalerije\/PokrajinskiMuzejMaribor\/2012\/uvod.html#arspharmaceutica\" target=\"_blank\">\n\t\t\t<i aria-hidden=\"true\" class=\"fas fa-play-circle\"><\/i>\t\t\t<\/a>\n\t\t<\/div>\n\t\t\t\t\t\t<\/div>\n\t\t\t\t<\/div>\n\t\t\t\t\t<\/div>\n\t\t<\/div>\n\t\t\t\t\t<\/div>\n\t\t<\/section>\n\t\t\t\t<\/div>","protected":false},"excerpt":{"rendered":"<p>VIRTUELLE ANSICHT DER DAUERAUSSTELLUNG ARS PHARMACEUTICA - DIE KUNST DER PHARMAZEUTIK Die Apothekensammlung des Regionalmuseums Maribor ist die wichtigste Sammlung ihrer Art in Slowenien. Sie wurde auf Initiative des Pharmaziehistorikers und Pharmazeuten Herr. Die Initiative ging von dem Apotheker und Pharmaziehistoriker Dr. Franc Mina\u0159ik aus, unterst\u00fctzt von dem ehemaligen Museumsdirektor Dr. Bogo Teply. Die Sammlung enth\u00e4lt Material, das [...]<\/p>","protected":false},"author":9,"featured_media":0,"parent":0,"menu_order":0,"comment_status":"closed","ping_status":"closed","template":"","meta":{"inline_featured_image":false,"footnotes":""},"class_list":["post-67406","page","type-page","status-publish","hentry"],"yoast_head":"<!-- This site is optimized with the Yoast SEO plugin v27.4 - https:\/\/yoast.com\/product\/yoast-seo-wordpress\/ -->\n<title>VIRTUALNI OGLED STALNE RAZSTAVE ARS PHARMACEUTICA \u2013 UMETNOST LEKARNI\u0160TVA &#8211; Pokrajinski muzej Maribor<\/title>\n<meta name=\"robots\" content=\"index, follow, max-snippet:-1, max-image-preview:large, max-video-preview:-1\" \/>\n<link rel=\"canonical\" href=\"https:\/\/museum-mb.si\/de\/virtuelle-ansicht-standalone-ausstellungen-der-pharmazie-der-medizin-2\/\" \/>\n<meta property=\"og:locale\" content=\"de_DE\" \/>\n<meta property=\"og:type\" content=\"article\" \/>\n<meta property=\"og:title\" content=\"VIRTUALNI OGLED STALNE RAZSTAVE ARS PHARMACEUTICA \u2013 UMETNOST LEKARNI\u0160TVA &#8211; Pokrajinski muzej Maribor\" \/>\n<meta property=\"og:description\" content=\"RAZISKUJ VIRTUALNI OGLED STALNE RAZSTAVE ARS PHARMACEUTICA \u2013 UMETNOST LEKARNI\u0160TVA Lekarni\u0161ka zbirka Pokrajinskega muzeja Maribor je osredja tovrstna zbirka v Sloveniji. Nastala je na pobudo zgodovinarja farmacije in lekarnarja mr. Franca Mina\u0159ika ob podpori nekdanjega muzejskega direktorja dr. Boga Teplya. V zbirki je zbrano gradivo, ki pri\u010da o preteklosti lekarni\u0161tva na \u0160tajerskem, Koro\u0161kem in v [&hellip;]\" \/>\n<meta property=\"og:url\" content=\"https:\/\/museum-mb.si\/de\/virtuelle-ansicht-standalone-ausstellungen-der-pharmazie-der-medizin-2\/\" \/>\n<meta property=\"og:site_name\" content=\"Pokrajinski muzej Maribor\" \/>\n<meta property=\"article:publisher\" content=\"https:\/\/www.facebook.com\/pomum123\" \/>\n<meta property=\"article:modified_time\" content=\"2022-09-30T13:06:43+00:00\" \/>\n<meta property=\"og:image\" content=\"https:\/\/museum-mb.si\/wp-content\/uploads\/2022\/08\/Ars-pharmaceutica-Umetnost-lekarnistva-Pokrajinski-muzej-maribor-1-1.jpg\" \/>\n\t<meta property=\"og:image:width\" content=\"2048\" \/>\n\t<meta property=\"og:image:height\" content=\"1360\" \/>\n\t<meta property=\"og:image:type\" content=\"image\/jpeg\" \/>\n<meta name=\"twitter:card\" content=\"summary_large_image\" \/>\n<meta name=\"twitter:label1\" content=\"Gesch\u00e4tzte Lesezeit\" \/>\n\t<meta name=\"twitter:data1\" content=\"1\u00a0Minute\" \/>\n<script type=\"application\/ld+json\" class=\"yoast-schema-graph\">{\"@context\":\"https:\\\/\\\/schema.org\",\"@graph\":[{\"@type\":\"WebPage\",\"@id\":\"https:\\\/\\\/museum-mb.si\\\/virtualni-ogled-stalne-razstave-ars-pharmaceutica-umetnost-lekarnistva\\\/\",\"url\":\"https:\\\/\\\/museum-mb.si\\\/virtualni-ogled-stalne-razstave-ars-pharmaceutica-umetnost-lekarnistva\\\/\",\"name\":\"VIRTUALNI OGLED STALNE RAZSTAVE ARS PHARMACEUTICA \u2013 UMETNOST LEKARNI\u0160TVA &#8211; Pokrajinski muzej Maribor\",\"isPartOf\":{\"@id\":\"https:\\\/\\\/museum-mb.si\\\/#website\"},\"primaryImageOfPage\":{\"@id\":\"https:\\\/\\\/museum-mb.si\\\/virtualni-ogled-stalne-razstave-ars-pharmaceutica-umetnost-lekarnistva\\\/#primaryimage\"},\"image\":{\"@id\":\"https:\\\/\\\/museum-mb.si\\\/virtualni-ogled-stalne-razstave-ars-pharmaceutica-umetnost-lekarnistva\\\/#primaryimage\"},\"thumbnailUrl\":\"https:\\\/\\\/museum-mb.si\\\/wp-content\\\/uploads\\\/2022\\\/08\\\/Ars-pharmaceutica-Umetnost-lekarnistva-Pokrajinski-muzej-maribor-1-1.jpg\",\"datePublished\":\"2022-08-22T11:44:00+00:00\",\"dateModified\":\"2022-09-30T13:06:43+00:00\",\"breadcrumb\":{\"@id\":\"https:\\\/\\\/museum-mb.si\\\/virtualni-ogled-stalne-razstave-ars-pharmaceutica-umetnost-lekarnistva\\\/#breadcrumb\"},\"inLanguage\":\"de\",\"potentialAction\":[{\"@type\":\"ReadAction\",\"target\":[\"https:\\\/\\\/museum-mb.si\\\/virtualni-ogled-stalne-razstave-ars-pharmaceutica-umetnost-lekarnistva\\\/\"]}]},{\"@type\":\"ImageObject\",\"inLanguage\":\"de\",\"@id\":\"https:\\\/\\\/museum-mb.si\\\/virtualni-ogled-stalne-razstave-ars-pharmaceutica-umetnost-lekarnistva\\\/#primaryimage\",\"url\":\"https:\\\/\\\/museum-mb.si\\\/wp-content\\\/uploads\\\/2022\\\/08\\\/Ars-pharmaceutica-Umetnost-lekarnistva-Pokrajinski-muzej-maribor-1-1.jpg\",\"contentUrl\":\"https:\\\/\\\/museum-mb.si\\\/wp-content\\\/uploads\\\/2022\\\/08\\\/Ars-pharmaceutica-Umetnost-lekarnistva-Pokrajinski-muzej-maribor-1-1.jpg\"},{\"@type\":\"BreadcrumbList\",\"@id\":\"https:\\\/\\\/museum-mb.si\\\/virtualni-ogled-stalne-razstave-ars-pharmaceutica-umetnost-lekarnistva\\\/#breadcrumb\",\"itemListElement\":[{\"@type\":\"ListItem\",\"position\":1,\"name\":\"Domov\",\"item\":\"https:\\\/\\\/museum-mb.si\\\/\"},{\"@type\":\"ListItem\",\"position\":2,\"name\":\"VIRTUALNI OGLED STALNE RAZSTAVE ARS PHARMACEUTICA \u2013 UMETNOST LEKARNI\u0160TVA\"}]},{\"@type\":\"WebSite\",\"@id\":\"https:\\\/\\\/museum-mb.si\\\/#website\",\"url\":\"https:\\\/\\\/museum-mb.si\\\/\",\"name\":\"Pokrajinski muzej Maribor\",\"description\":\"\",\"publisher\":{\"@id\":\"https:\\\/\\\/museum-mb.si\\\/#organization\"},\"potentialAction\":[{\"@type\":\"SearchAction\",\"target\":{\"@type\":\"EntryPoint\",\"urlTemplate\":\"https:\\\/\\\/museum-mb.si\\\/?s={search_term_string}\"},\"query-input\":{\"@type\":\"PropertyValueSpecification\",\"valueRequired\":true,\"valueName\":\"search_term_string\"}}],\"inLanguage\":\"de\"},{\"@type\":\"Organization\",\"@id\":\"https:\\\/\\\/museum-mb.si\\\/#organization\",\"name\":\"Pokrajinski muzej Maribor\",\"url\":\"https:\\\/\\\/museum-mb.si\\\/\",\"logo\":{\"@type\":\"ImageObject\",\"inLanguage\":\"de\",\"@id\":\"https:\\\/\\\/museum-mb.si\\\/#\\\/schema\\\/logo\\\/image\\\/\",\"url\":\"https:\\\/\\\/museum-mb.si\\\/wp-content\\\/uploads\\\/2024\\\/12\\\/pmm_logo_barvni_jpeg.jpg\",\"contentUrl\":\"https:\\\/\\\/museum-mb.si\\\/wp-content\\\/uploads\\\/2024\\\/12\\\/pmm_logo_barvni_jpeg.jpg\",\"width\":758,\"height\":754,\"caption\":\"Pokrajinski muzej Maribor\"},\"image\":{\"@id\":\"https:\\\/\\\/museum-mb.si\\\/#\\\/schema\\\/logo\\\/image\\\/\"},\"sameAs\":[\"https:\\\/\\\/www.facebook.com\\\/pomum123\",\"https:\\\/\\\/www.instagram.com\\\/maribor_museum\\\/\",\"https:\\\/\\\/www.youtube.com\\\/channel\\\/UCdshtCrun841Oc-35tYLBGQ\"]}]}<\/script>\n<!-- \/ Yoast SEO plugin. -->","yoast_head_json":{"title":"VIRTUALNI OGLED STALNE RAZSTAVE ARS PHARMACEUTICA \u2013 UMETNOST LEKARNI\u0160TVA &#8211; Pokrajinski muzej Maribor","robots":{"index":"index","follow":"follow","max-snippet":"max-snippet:-1","max-image-preview":"max-image-preview:large","max-video-preview":"max-video-preview:-1"},"canonical":"https:\/\/museum-mb.si\/de\/virtuelle-ansicht-standalone-ausstellungen-der-pharmazie-der-medizin-2\/","og_locale":"de_DE","og_type":"article","og_title":"VIRTUALNI OGLED STALNE RAZSTAVE ARS PHARMACEUTICA \u2013 UMETNOST LEKARNI\u0160TVA &#8211; Pokrajinski muzej Maribor","og_description":"RAZISKUJ VIRTUALNI OGLED STALNE RAZSTAVE ARS PHARMACEUTICA \u2013 UMETNOST LEKARNI\u0160TVA Lekarni\u0161ka zbirka Pokrajinskega muzeja Maribor je osredja tovrstna zbirka v Sloveniji. Nastala je na pobudo zgodovinarja farmacije in lekarnarja mr. Franca Mina\u0159ika ob podpori nekdanjega muzejskega direktorja dr. Boga Teplya. V zbirki je zbrano gradivo, ki pri\u010da o preteklosti lekarni\u0161tva na \u0160tajerskem, Koro\u0161kem in v [&hellip;]","og_url":"https:\/\/museum-mb.si\/de\/virtuelle-ansicht-standalone-ausstellungen-der-pharmazie-der-medizin-2\/","og_site_name":"Pokrajinski muzej Maribor","article_publisher":"https:\/\/www.facebook.com\/pomum123","article_modified_time":"2022-09-30T13:06:43+00:00","og_image":[{"width":2048,"height":1360,"url":"https:\/\/museum-mb.si\/wp-content\/uploads\/2022\/08\/Ars-pharmaceutica-Umetnost-lekarnistva-Pokrajinski-muzej-maribor-1-1.jpg","type":"image\/jpeg"}],"twitter_card":"summary_large_image","twitter_misc":{"Gesch\u00e4tzte Lesezeit":"1\u00a0Minute"},"schema":{"@context":"https:\/\/schema.org","@graph":[{"@type":"WebPage","@id":"https:\/\/museum-mb.si\/virtualni-ogled-stalne-razstave-ars-pharmaceutica-umetnost-lekarnistva\/","url":"https:\/\/museum-mb.si\/virtualni-ogled-stalne-razstave-ars-pharmaceutica-umetnost-lekarnistva\/","name":"VIRTUALNI OGLED STALNE RAZSTAVE ARS PHARMACEUTICA \u2013 UMETNOST LEKARNI\u0160TVA &#8211; Pokrajinski muzej Maribor","isPartOf":{"@id":"https:\/\/museum-mb.si\/#website"},"primaryImageOfPage":{"@id":"https:\/\/museum-mb.si\/virtualni-ogled-stalne-razstave-ars-pharmaceutica-umetnost-lekarnistva\/#primaryimage"},"image":{"@id":"https:\/\/museum-mb.si\/virtualni-ogled-stalne-razstave-ars-pharmaceutica-umetnost-lekarnistva\/#primaryimage"},"thumbnailUrl":"https:\/\/museum-mb.si\/wp-content\/uploads\/2022\/08\/Ars-pharmaceutica-Umetnost-lekarnistva-Pokrajinski-muzej-maribor-1-1.jpg","datePublished":"2022-08-22T11:44:00+00:00","dateModified":"2022-09-30T13:06:43+00:00","breadcrumb":{"@id":"https:\/\/museum-mb.si\/virtualni-ogled-stalne-razstave-ars-pharmaceutica-umetnost-lekarnistva\/#breadcrumb"},"inLanguage":"de","potentialAction":[{"@type":"ReadAction","target":["https:\/\/museum-mb.si\/virtualni-ogled-stalne-razstave-ars-pharmaceutica-umetnost-lekarnistva\/"]}]},{"@type":"ImageObject","inLanguage":"de","@id":"https:\/\/museum-mb.si\/virtualni-ogled-stalne-razstave-ars-pharmaceutica-umetnost-lekarnistva\/#primaryimage","url":"https:\/\/museum-mb.si\/wp-content\/uploads\/2022\/08\/Ars-pharmaceutica-Umetnost-lekarnistva-Pokrajinski-muzej-maribor-1-1.jpg","contentUrl":"https:\/\/museum-mb.si\/wp-content\/uploads\/2022\/08\/Ars-pharmaceutica-Umetnost-lekarnistva-Pokrajinski-muzej-maribor-1-1.jpg"},{"@type":"BreadcrumbList","@id":"https:\/\/museum-mb.si\/virtualni-ogled-stalne-razstave-ars-pharmaceutica-umetnost-lekarnistva\/#breadcrumb","itemListElement":[{"@type":"ListItem","position":1,"name":"Domov","item":"https:\/\/museum-mb.si\/"},{"@type":"ListItem","position":2,"name":"VIRTUALNI OGLED STALNE RAZSTAVE ARS PHARMACEUTICA \u2013 UMETNOST LEKARNI\u0160TVA"}]},{"@type":"WebSite","@id":"https:\/\/museum-mb.si\/#website","url":"https:\/\/museum-mb.si\/","name":"Regionalmuseum Maribor","description":"","publisher":{"@id":"https:\/\/museum-mb.si\/#organization"},"potentialAction":[{"@type":"SearchAction","target":{"@type":"EntryPoint","urlTemplate":"https:\/\/museum-mb.si\/?s={search_term_string}"},"query-input":{"@type":"PropertyValueSpecification","valueRequired":true,"valueName":"search_term_string"}}],"inLanguage":"de"},{"@type":"Organization","@id":"https:\/\/museum-mb.si\/#organization","name":"Regionalmuseum Maribor","url":"https:\/\/museum-mb.si\/","logo":{"@type":"ImageObject","inLanguage":"de","@id":"https:\/\/museum-mb.si\/#\/schema\/logo\/image\/","url":"https:\/\/museum-mb.si\/wp-content\/uploads\/2024\/12\/pmm_logo_barvni_jpeg.jpg","contentUrl":"https:\/\/museum-mb.si\/wp-content\/uploads\/2024\/12\/pmm_logo_barvni_jpeg.jpg","width":758,"height":754,"caption":"Pokrajinski muzej Maribor"},"image":{"@id":"https:\/\/museum-mb.si\/#\/schema\/logo\/image\/"},"sameAs":["https:\/\/www.facebook.com\/pomum123","https:\/\/www.instagram.com\/maribor_museum\/","https:\/\/www.youtube.com\/channel\/UCdshtCrun841Oc-35tYLBGQ"]}]}},"_links":{"self":[{"href":"https:\/\/museum-mb.si\/de\/wp-json\/wp\/v2\/pages\/67406","targetHints":{"allow":["GET"]}}],"collection":[{"href":"https:\/\/museum-mb.si\/de\/wp-json\/wp\/v2\/pages"}],"about":[{"href":"https:\/\/museum-mb.si\/de\/wp-json\/wp\/v2\/types\/page"}],"author":[{"embeddable":true,"href":"https:\/\/museum-mb.si\/de\/wp-json\/wp\/v2\/users\/9"}],"replies":[{"embeddable":true,"href":"https:\/\/museum-mb.si\/de\/wp-json\/wp\/v2\/comments?post=67406"}],"version-history":[{"count":40,"href":"https:\/\/museum-mb.si\/de\/wp-json\/wp\/v2\/pages\/67406\/revisions"}],"predecessor-version":[{"id":74194,"href":"https:\/\/museum-mb.si\/de\/wp-json\/wp\/v2\/pages\/67406\/revisions\/74194"}],"wp:attachment":[{"href":"https:\/\/museum-mb.si\/de\/wp-json\/wp\/v2\/media?parent=67406"}],"curies":[{"name":"wp","href":"https:\/\/api.w.org\/{rel}","templated":true}]}}